{"id":3644,"date":"2021-04-06T08:11:51","date_gmt":"2021-04-06T05:11:51","guid":{"rendered":"https:\/\/dianysmedia.info\/proiect2541b\/?post_type=product&#038;p=3644"},"modified":"2022-06-07T11:52:27","modified_gmt":"2022-06-07T08:52:27","slug":"refive","status":"publish","type":"product","link":"https:\/\/www.natural-stemcell.com\/es\/producto\/refive\/","title":{"rendered":"REFIVE"},"content":{"rendered":"<div class=\"vc_row wpb_row vc_row-fluid\"><div class=\"container\"><div class=\"row\"><div class=\"wpb_column vc_column_container vc_col-sm-12\"><div class=\"vc_column-inner\"><div class=\"wpb_wrapper\">\n\t<div class=\"wpb_video_widget wpb_content_element vc_clearfix   vc_video-aspect-ratio-169 vc_video-el-width-100 vc_video-align-center\" >\n\t\t<div class=\"wpb_wrapper\">\n\t\t\t\n\t\t\t<div class=\"wpb_video_wrapper\"><iframe title=\"Presentaci\u00f3n de REFIVE\" width=\"840\" height=\"473\" src=\"https:\/\/www.youtube.com\/embed\/sp3vm15uEPE?feature=oembed\" frameborder=\"0\" allow=\"accelerometer; autoplay; clipboard-write; encrypted-media; gyroscope; picture-in-picture\" allowfullscreen><\/iframe><\/div>\n\t\t<\/div>\n\t<\/div>\n<div class=\"vc_empty_space\"   style=\"height: 52px\"><span class=\"vc_empty_space_inner\"><\/span><\/div>\n\t<div class=\"wpb_text_column wpb_content_element  vc_custom_1618924816141\" >\n\t\t<div class=\"wpb_wrapper\">\n\t\t\t<p style=\"text-align: center;\"><strong> Informaci\u00f3n y detalles especializados:<br \/>\n<\/strong><strong><span style=\"color: #339966;\">\u00a0 \u00a0\u00a00790 887 888<\/span><br \/>\n<\/strong><strong>o<br \/>\n<\/strong><strong>\u00a0 \u00a0Rellene el siguiente formulario:<\/strong><\/p>\n\n\t\t<\/div>\n\t<\/div>\n<div role=\"form\" class=\"wpcf7\" id=\"wpcf7-f377-o1\" lang=\"en-US\" dir=\"ltr\">\n<div class=\"screen-reader-response\"><p role=\"status\" aria-live=\"polite\" aria-atomic=\"true\"><\/p> <ul><\/ul><\/div>\n<form action=\"\/es\/wp-json\/wp\/v2\/product\/3644#wpcf7-f377-o1\" method=\"post\" class=\"wpcf7-form init\" novalidate=\"novalidate\" data-status=\"init\" data-trp-original-action=\"\/es\/wp-json\/wp\/v2\/product\/3644#wpcf7-f377-o1\">\n<div style=\"display: none;\">\n<input type=\"hidden\" name=\"_wpcf7\" value=\"377\" \/>\n<input type=\"hidden\" name=\"_wpcf7_version\" value=\"5.5.6.1\" \/>\n<input type=\"hidden\" name=\"_wpcf7_locale\" value=\"en_US\" \/>\n<input type=\"hidden\" name=\"_wpcf7_unit_tag\" value=\"wpcf7-f377-o1\" \/>\n<input type=\"hidden\" name=\"_wpcf7_container_post\" value=\"0\" \/>\n<input type=\"hidden\" name=\"_wpcf7_posted_data_hash\" value=\"\" \/>\n<\/div>\n<div class=\"row\" style=\"margin-bottom: 40px\">\n<div class=\"col-md-6 col-md-6 col-md-12\"><span class=\"wpcf7-form-control-wrap your-name\"><input type=\"text\" name=\"your-name\" value=\"\" size=\"40\" class=\"wpcf7-form-control wpcf7-text wpcf7-validates-as-required\" aria-required=\"true\" aria-invalid=\"false\" placeholder=\"Nombre completo*\" \/><\/span><\/div>\n<div class=\"col-md-6 col-md-6 col-md-12\"><span class=\"wpcf7-form-control-wrap your-email\"><input type=\"text\" name=\"your-email\" value=\"\" size=\"40\" class=\"wpcf7-form-control wpcf7-text wpcf7-validates-as-required\" aria-required=\"true\" aria-invalid=\"false\" placeholder=\"Correo electr\u00f3nico*\" \/><\/span><\/div>\n<div class=\"col-md-6 col-md-6 col-md-12\"><span class=\"wpcf7-form-control-wrap telefon\"><input type=\"text\" name=\"telefon\" value=\"\" size=\"40\" class=\"wpcf7-form-control wpcf7-text wpcf7-validates-as-required\" aria-required=\"true\" aria-invalid=\"false\" placeholder=\"Tel\u00e9fono\" \/><\/span><\/div>\n<div class=\"col-md-6 col-md-6 col-md-12\"><span class=\"wpcf7-form-control-wrap cantitate\"><input type=\"text\" name=\"cantitate\" value=\"\" size=\"40\" class=\"wpcf7-form-control wpcf7-text wpcf7-validates-as-required\" aria-required=\"true\" aria-invalid=\"false\" placeholder=\"Cantidad\" \/><\/span><\/div>\n<div class=\"col-md-12 col-md-12 col-md-12\"><span class=\"wpcf7-form-control-wrap adresa\"><input type=\"text\" name=\"adresa\" value=\"\" size=\"40\" class=\"wpcf7-form-control wpcf7-text wpcf7-validates-as-required\" aria-required=\"true\" aria-invalid=\"false\" placeholder=\"Direcci\u00f3n completa (calle, ciudad, condado)\" \/><\/span><\/div>\n<div class=\"col-md-12 col-md-12 col-md-12 text-center\"><input type=\"submit\" value=\"ENVIAR\" class=\"wpcf7-form-control has-spinner wpcf7-submit\" \/><\/div>\n<\/div>\n<div class=\"wpcf7-response-output\" aria-hidden=\"true\"><\/div><input type=\"hidden\" name=\"trp-form-language\" value=\"es\"\/><\/form><\/div><\/div><\/div><\/div><\/div><\/div><\/div><div class=\"vc_row wpb_row vc_row-fluid vc_custom_1617694440658\"><div class=\"container\"><div class=\"row\"><div class=\"wpb_column vc_column_container vc_col-sm-12\"><div class=\"vc_column-inner\"><div class=\"wpb_wrapper\">\n\t<div class=\"wpb_text_column wpb_content_element\" >\n\t\t<div class=\"wpb_wrapper\">\n\t\t\t<h3>Beneficios de REFIVE<\/h3>\n<p><strong>Las ventajas de administrar el paquete REFIVE son las siguientes<\/strong><\/p>\n<div>\n<ul>\n<li>Favorece la divisi\u00f3n celular y el rejuvenecimiento del organismo<\/li>\n<li>Protege las c\u00e9lulas del estr\u00e9s oxidativo<\/li>\n<li>Reduce la fatiga y el agotamiento.<\/li>\n<li>Favorece el funcionamiento del coraz\u00f3n y del cerebro<\/li>\n<li>Contribuye al funcionamiento \u00f3ptimo de los vasos sangu\u00edneos.<\/li>\n<li>Optimiza la absorci\u00f3n de nutrientes<\/li>\n<li>Ayuda a mantener el peso ideal<\/li>\n<li>Favorece el funcionamiento del sistema inmunitario<\/li>\n<li>Favorece los niveles normales de calcio en la sangre<\/li>\n<li>Favorece la movilidad de las articulaciones, los huesos, los cart\u00edlagos y las funciones musculares.<\/li>\n<li>Mejora la producci\u00f3n de fibronectina, col\u00e1geno y elastina<\/li>\n<\/ul>\n<h4 class=\"mb-2\">Un paquete REFIVE contiene:<\/h4>\n<div class=\"packet-item\">\n<p>&nbsp;<\/p>\n<div><img decoding=\"async\" class=\"aligncenter\" src=\"https:\/\/www.lifepharm.com\/images\/Refive\/laminnine-capsule.png\" \/><\/div>\n<p>&nbsp;<\/p>\n<div>2 c\u00e1psulas<strong>\u00a0LAMINA<sup>\u00ae\u00a0<\/sup><\/strong>con beneficios para la salud de los tejidos, optimiza la funci\u00f3n celular y protege el ADN alargando los tel\u00f3meros <a href=\"https:\/\/dianysmedia.info\/proiect2541b\/laminine\">(<\/a>ver producto<a href=\"https:\/\/dianysmedia.info\/proiect2541b\/laminine\"> LAMINA<sup>\u00ae<\/sup>).<\/a><\/div>\n<div><\/div>\n<\/div>\n<p>&nbsp;<\/p>\n<div><img decoding=\"async\" loading=\"lazy\" class=\"aligncenter\" src=\"https:\/\/www.lifepharm.com\/images\/Refive\/omega-capsule.png\" width=\"188\" height=\"79\" \/><\/div>\n<p>&nbsp;<\/p>\n<div>1 c\u00e1psula\u00a0<strong>OMEGA\u00a0<sup>+++<\/sup><\/strong> con un papel en el mantenimiento de la funci\u00f3n card\u00edaca adecuada, contiene su propia formulaci\u00f3n diversa. LifePharm utiliza \u00e1cidos grasos omega-3: EPA y DHA. OMEGA++ tambi\u00e9n est\u00e1 enriquecido con vitamina K2. Estos \u00e1cidos grasos omega dan a esta f\u00f3rmula \u00fanica una mayor eficacia que tiene un efecto beneficioso en la coagulaci\u00f3n normal de la sangre y tambi\u00e9n apoya la funci\u00f3n normal del coraz\u00f3n. <a href=\"https:\/\/www.natural-stemcell.com\/es\/omega\/\">(<\/a>ver producto<a href=\"https:\/\/www.natural-stemcell.com\/es\/omega\/\"> OMEGA <sup>+++<\/sup><\/a>).<\/div>\n<div><\/div>\n<div class=\"packet-item\">\n<p>&nbsp;<\/p>\n<div><img decoding=\"async\" class=\"aligncenter\" src=\"https:\/\/www.lifepharm.com\/images\/Refive\/degestive-capsule.png\" \/><\/div>\n<p>&nbsp;<\/p>\n<div>1 c\u00e1psula\u00a0<strong>DIGESTIVO\u00a0<sup>+++<\/sup><\/strong> para apoyar la optimizaci\u00f3n del metabolismo digestivo, mejorando la absorci\u00f3n de nutrientes y su llegada a las c\u00e9lulas. (ver producto<a href=\"https:\/\/www.natural-stemcell.com\/es\/digestive\/\"> DIGESTIVO <sup>+++<\/sup>).<\/a><\/div>\n<div><\/div>\n<\/div>\n<div class=\"packet-item\">\n<p>&nbsp;<\/p>\n<div><img decoding=\"async\" class=\"aligncenter\" src=\"https:\/\/www.lifepharm.com\/images\/Refive\/immune-tablet.png\" \/><\/div>\n<p>&nbsp;<\/p>\n<div>1 c\u00e1psula\u00a0<strong>INMUNE\u00a0<sup>+++<\/sup><\/strong> estimula la funci\u00f3n inmunitaria y su respuesta al ant\u00edgeno (v\u00e9ase el producto<a href=\"https:\/\/www.natural-stemcell.com\/es\/immune\/\"> INMUNE <\/a><sup>+++\u00a0<\/sup>).<\/div>\n<\/div>\n<div><\/div>\n<div class=\"packet-item\">\n<div><\/div>\n<div><\/div>\n<div><\/div>\n<div><\/div>\n<\/div>\n<div><\/div>\n<\/div>\n\n\t\t<\/div>\n\t<\/div>\n\n\t<div class=\"wpb_text_column wpb_content_element\" >\n\t\t<div class=\"wpb_wrapper\">\n\t\t\t<h4 style=\"text-align: center;\"><b>Todos los productos LIFEPHARM contienen el \u00fanico extracto de \u00f3vulo fecundado patentado a nivel mundial.<\/b><\/h4>\n\n\t\t<\/div>\n\t<\/div>\n\n\t<div class=\"wpb_text_column wpb_content_element  laminina\" >\n\t\t<div class=\"wpb_wrapper\">\n\t\t\t<p>El activador de c\u00e9lulas madre LAMININ o LAMININ funciona con \u00e9xito en muchas enfermedades, consideradas incurables: autismo, leucemia, c\u00e1ncer, diabetes, infarto de miocardio, parkinson, disfunci\u00f3n renal, tuberculosis, epilepsia, disfunci\u00f3n sexual, psoriasis, obesidad, artritis, asma, reumatismo, \u00falceras, sida, depresi\u00f3n, eczema, endiomatosis, impotencia, enfermedades oculares, hemorroides, tensi\u00f3n, hepatitis, cirrosis, insomnio, fibromas, varices, tumores, ovarios poliqu\u00edsticos, esclerosis m\u00faltiple, pancreatitis, infertilidad sexual, lupus, vit\u00edligo, pr\u00f3stata, colesterol, memoria, rejuvenecimiento, amplificador de c\u00e9lulas madre, equilibrio emocional, etc.<\/p>\n\n\t\t<\/div>\n\t<\/div>\n<\/div><\/div><\/div><\/div><\/div><\/div>","protected":false},"excerpt":{"rendered":"<h4 class=\"product_title entry-title\">REFIVE<\/h4>\n<p>&nbsp;<\/p>\n<p><strong>Suplemento nutricional biol\u00f3gicamente activo 100%<\/strong><\/p>\n<p>&nbsp;<\/p>\n<p>Precio del productor: <strong>desde 780 lei\/paquete<\/strong><\/p>\n<p>&nbsp;<\/p>\n<p>Paquete <strong>REFIVE<\/strong> contiene cinco nutrientes LifePharm que optimizan el sistema circulatorio, la funci\u00f3n digestiva e inmunitaria y regeneran el cuerpo con c\u00e9lulas madre al mismo tiempo.<\/p>\n<p>&nbsp;<\/p>\n<p>Las bolsitas selladas son resistentes a la humedad para mantener la frescura y la eficacia para un uso diario conveniente. Esta es una manera f\u00e1cil de tener todos sus suplementos diarios en un solo lugar para una nutrici\u00f3n \u00f3ptima. Ideal para vacaciones, viajes.<\/p>\n<p>Asesoramiento e informaci\u00f3n gratuitos: <strong><a href=\"https:\/\/www.natural-stemcell.com\/es\/\">tratamiento complementario <\/a>\u00a0\/\u00a0 <\/strong><strong>(+4) 0790 887 888<\/strong><\/p>\n<p>&nbsp;<\/p>\n<p>Para comprar\u00a0<strong>al precio adecuado<\/strong>, pulse el bot\u00f3n izquierdo\u00a0<strong>\"comprar a precio de fabricante\"<\/strong>, fijar el idioma<strong>\u00a0Romano<\/strong>\u00a0si tiene<strong>\u00a0productos al precio m\u00e1s bajo. <\/strong>Entrega<strong> m\u00e1x. 3 d\u00edas.<\/strong><\/p>\n<p>&nbsp;<\/p>\n<p>Asistencia permanente en\u00a0<strong>Servicios y productos de LifePharm<\/strong>para los que utilizan los productos<strong>: (+4) 0790 887 888.<\/strong><\/p>","protected":false},"featured_media":4196,"template":"","meta":[],"product_cat":[15],"product_tag":[],"_links":{"self":[{"href":"https:\/\/www.natural-stemcell.com\/es\/wp-json\/wp\/v2\/product\/3644"}],"collection":[{"href":"https:\/\/www.natural-stemcell.com\/es\/wp-json\/wp\/v2\/product"}],"about":[{"href":"https:\/\/www.natural-stemcell.com\/es\/wp-json\/wp\/v2\/types\/product"}],"wp:featuredmedia":[{"embeddable":true,"href":"https:\/\/www.natural-stemcell.com\/es\/wp-json\/wp\/v2\/media\/4196"}],"wp:attachment":[{"href":"https:\/\/www.natural-stemcell.com\/es\/wp-json\/wp\/v2\/media?parent=3644"}],"wp:term":[{"taxonomy":"product_cat","embeddable":true,"href":"https:\/\/www.natural-stemcell.com\/es\/wp-json\/wp\/v2\/product_cat?post=3644"},{"taxonomy":"product_tag","embeddable":true,"href":"https:\/\/www.natural-stemcell.com\/es\/wp-json\/wp\/v2\/product_tag?post=3644"}],"curies":[{"name":"wp","href":"https:\/\/api.w.org\/{rel}","templated":true}]}}