{"id":3643,"date":"2021-04-06T08:11:35","date_gmt":"2021-04-06T05:11:35","guid":{"rendered":"https:\/\/dianysmedia.info\/proiect2541b\/?post_type=product&#038;p=3643"},"modified":"2022-06-07T11:53:50","modified_gmt":"2022-06-07T08:53:50","slug":"lamiderm-apex","status":"publish","type":"product","link":"https:\/\/www.natural-stemcell.com\/es\/producto\/lamiderm-apex\/","title":{"rendered":"LAMIDERM APEX"},"content":{"rendered":"<div class=\"vc_row wpb_row vc_row-fluid\"><div class=\"container\"><div class=\"row\"><div class=\"wpb_column vc_column_container vc_col-sm-12\"><div class=\"vc_column-inner\"><div class=\"wpb_wrapper\">\n\t<div class=\"wpb_video_widget wpb_content_element vc_clearfix   vc_video-aspect-ratio-169 vc_video-el-width-100 vc_video-align-left\" >\n\t\t<div class=\"wpb_wrapper\">\n\t\t\t\n\t\t\t<div class=\"wpb_video_wrapper\"><iframe title=\"Lifepharm Lamiderm Apex - suero de c\u00e9lulas madre\" width=\"840\" height=\"473\" src=\"https:\/\/www.youtube.com\/embed\/pL3P2oR8LaE?feature=oembed\" frameborder=\"0\" allow=\"accelerometer; autoplay; clipboard-write; encrypted-media; gyroscope; picture-in-picture\" allowfullscreen><\/iframe><\/div>\n\t\t<\/div>\n\t<\/div>\n<div class=\"vc_empty_space\"   style=\"height: 52px\"><span class=\"vc_empty_space_inner\"><\/span><\/div>\n\t<div class=\"wpb_text_column wpb_content_element  vc_custom_1624517352040\" >\n\t\t<div class=\"wpb_wrapper\">\n\t\t\t<p style=\"text-align: center;\"><strong>Pida el producto y m\u00e1s informaci\u00f3n:<br \/>\n<\/strong><strong><span style=\"color: #339966;\">\u00a0 \u00a0\u00a00790 887 888<\/span><br \/>\n<\/strong><strong>o<br \/>\n<\/strong><strong>\u00a0 \u00a0Rellene el siguiente formulario:<\/strong><\/p>\n\n\t\t<\/div>\n\t<\/div>\n<div role=\"form\" class=\"wpcf7\" id=\"wpcf7-f377-o1\" lang=\"en-US\" dir=\"ltr\">\n<div class=\"screen-reader-response\"><p role=\"status\" aria-live=\"polite\" aria-atomic=\"true\"><\/p> <ul><\/ul><\/div>\n<form action=\"\/es\/wp-json\/wp\/v2\/product\/3643#wpcf7-f377-o1\" method=\"post\" class=\"wpcf7-form init\" novalidate=\"novalidate\" data-status=\"init\" data-trp-original-action=\"\/es\/wp-json\/wp\/v2\/product\/3643#wpcf7-f377-o1\">\n<div style=\"display: none;\">\n<input type=\"hidden\" name=\"_wpcf7\" value=\"377\" \/>\n<input type=\"hidden\" name=\"_wpcf7_version\" value=\"5.5.6.1\" \/>\n<input type=\"hidden\" name=\"_wpcf7_locale\" value=\"en_US\" \/>\n<input type=\"hidden\" name=\"_wpcf7_unit_tag\" value=\"wpcf7-f377-o1\" \/>\n<input type=\"hidden\" name=\"_wpcf7_container_post\" value=\"0\" \/>\n<input type=\"hidden\" name=\"_wpcf7_posted_data_hash\" value=\"\" \/>\n<\/div>\n<div class=\"row\" style=\"margin-bottom: 40px\">\n<div class=\"col-md-6 col-md-6 col-md-12\"><span class=\"wpcf7-form-control-wrap your-name\"><input type=\"text\" name=\"your-name\" value=\"\" size=\"40\" class=\"wpcf7-form-control wpcf7-text wpcf7-validates-as-required\" aria-required=\"true\" aria-invalid=\"false\" placeholder=\"Nombre completo*\" \/><\/span><\/div>\n<div class=\"col-md-6 col-md-6 col-md-12\"><span class=\"wpcf7-form-control-wrap your-email\"><input type=\"text\" name=\"your-email\" value=\"\" size=\"40\" class=\"wpcf7-form-control wpcf7-text wpcf7-validates-as-required\" aria-required=\"true\" aria-invalid=\"false\" placeholder=\"Correo electr\u00f3nico*\" \/><\/span><\/div>\n<div class=\"col-md-6 col-md-6 col-md-12\"><span class=\"wpcf7-form-control-wrap telefon\"><input type=\"text\" name=\"telefon\" value=\"\" size=\"40\" class=\"wpcf7-form-control wpcf7-text wpcf7-validates-as-required\" aria-required=\"true\" aria-invalid=\"false\" placeholder=\"Tel\u00e9fono\" \/><\/span><\/div>\n<div class=\"col-md-6 col-md-6 col-md-12\"><span class=\"wpcf7-form-control-wrap cantitate\"><input type=\"text\" name=\"cantitate\" value=\"\" size=\"40\" class=\"wpcf7-form-control wpcf7-text wpcf7-validates-as-required\" aria-required=\"true\" aria-invalid=\"false\" placeholder=\"Cantidad\" \/><\/span><\/div>\n<div class=\"col-md-12 col-md-12 col-md-12\"><span class=\"wpcf7-form-control-wrap adresa\"><input type=\"text\" name=\"adresa\" value=\"\" size=\"40\" class=\"wpcf7-form-control wpcf7-text wpcf7-validates-as-required\" aria-required=\"true\" aria-invalid=\"false\" placeholder=\"Direcci\u00f3n completa (calle, ciudad, condado)\" \/><\/span><\/div>\n<div class=\"col-md-12 col-md-12 col-md-12 text-center\"><input type=\"submit\" value=\"ENVIAR\" class=\"wpcf7-form-control has-spinner wpcf7-submit\" \/><\/div>\n<\/div>\n<div class=\"wpcf7-response-output\" aria-hidden=\"true\"><\/div><input type=\"hidden\" name=\"trp-form-language\" value=\"es\"\/><\/form><\/div><\/div><\/div><\/div><\/div><\/div><\/div><div class=\"vc_row wpb_row vc_row-fluid vc_custom_1617695841337\"><div class=\"container\"><div class=\"row\"><div class=\"wpb_column vc_column_container vc_col-sm-12\"><div class=\"vc_column-inner\"><div class=\"wpb_wrapper\">\n\t<div class=\"wpb_text_column wpb_content_element\" >\n\t\t<div class=\"wpb_wrapper\">\n\t\t\t<h2>Lamiderm Apex Lifepharm<\/h2>\n<p>Con el tiempo, el aspecto del rostro cambia y aparecen los primeros signos de envejecimiento: arrugas, manchas oscuras, piel menos el\u00e1stica y menos compacta.<\/p>\n<p>Aunque las c\u00e9lulas de la piel producen activamente elastina, col\u00e1geno, fibronectina y lisil oxidasa (LOX), que es una enzima que afecta a la longitud y la firmeza de las fibras de la piel, a medida que comienza el proceso de envejecimiento, las c\u00e9lulas producen cada vez menos LOX, col\u00e1geno, elastina y fibronectina. Por eso es muy importante reactivar la producci\u00f3n de estos elementos, esenciales para una piel joven.<\/p>\n<h3>Eficacia Lamiderm Apex Lifepharm<\/h3>\n<p>Lamiderm APEX es el\u00a0<strong>la respuesta m\u00e1s eficaz para prevenir y frenar los signos del envejecimiento<\/strong>. Es el primer ser\u00a0<strong>100% natural para la regeneraci\u00f3n de las c\u00e9lulas de la piel<\/strong>. Es una f\u00f3rmula \u00fanica en el mercado porque, gracias a su especial composici\u00f3n, estimula la producci\u00f3n de las tres fibras fundamentales de la piel: col\u00e1geno, elastina y fibronectina, a diferencia de otros productos que s\u00f3lo son capaces de estimular la producci\u00f3n de uno o dos de estos elementos.<\/p>\n<p>Lamiderm APEX contiene\u00a0<strong>f\u00f3rmula patentada de LifePharm<\/strong>\u00a0que consiste en un extracto de \u00f3vulo fecundado en el d\u00eda 9, un activador natural de las c\u00e9lulas de la piel y una fuente natural de lisil oxidasa, esencial para la salud y el rejuvenecimiento de la piel, que revitaliza la estructura y el aspecto de la piel sin tratamientos invasivos.<\/p>\n<p>Adem\u00e1s, se compone de un\u00a0<strong>complejo de lucidez<\/strong>compuesto por siete hierbas alpinas suizas, que tiene un efecto blanqueador en todo tipo de pieles, como demuestran los estudios cient\u00edficos, consiguiendo un\u00a0<strong>reducci\u00f3n de las manchas oscuras con 70%<\/strong>un complejo nutritivo, dado por la combinaci\u00f3n de CoQ10 y vitaminas C y E, que mejora el aspecto de la piel, fortalece las c\u00e9lulas y\u00a0<strong>combate los radicales libres<\/strong>, ralentizando el envejecimiento; un\u00a0<strong>complejo de protecci\u00f3n<\/strong>\u00a0a base de extracto de kiwi, fresa, granada, ar\u00e1ndanos y ar\u00e1ndanos rojos, que ayuda a restaurar la piel da\u00f1ada, estimula la actividad celular y contrarresta los da\u00f1os causados por los rayos UV, la contaminaci\u00f3n ambiental y el estr\u00e9s.<\/p>\n<p>Resultados de la aplicaci\u00f3n <a href=\"https:\/\/www.natural-stemcell.com\/es\/lamiderm-apex\/\">LAMIDERM APEX Lifepharm<\/a>demostrado por estudios cient\u00edficos, muestran una <strong>aumento de la producci\u00f3n de col\u00e1geno con 250%, de elastina con 200% y de fibronectina con 350% <\/strong>en s\u00f3lo 3 d\u00edas. Adem\u00e1s, utilizando el suero durante un periodo de 7 d\u00edas, los resultados muestran un\u00a0<strong>aumento de la elasticidad de la piel de 15% a 63%<\/strong>.<\/p>\n<h3>Beneficios Lamiderm Apex Lifepharm<\/h3>\n<ul>\n<li>Previene y reduce las arrugas.<\/li>\n<li>Regenera las c\u00e9lulas de la piel.<\/li>\n<li>Aumenta la firmeza y la elasticidad de la piel.<\/li>\n<li>Reduce las manchas oscuras.<\/li>\n<li>Regenera e hidrata en profundidad.<\/li>\n<li>Protege de los rayos UV, de los da\u00f1os causados por el smog y del estr\u00e9s.<\/li>\n<li>Estimula y aumenta la producci\u00f3n de col\u00e1geno, elastina y fibronectina.<\/li>\n<li>Restablece la luminosidad y el brillo de la piel.<\/li>\n<li>Difumina las l\u00edneas de expresi\u00f3n y las microl\u00edneas.<\/li>\n<li>Combate los radicales libres en la piel.<\/li>\n<li>Restaura la piel da\u00f1ada.<\/li>\n<li>Difumina las cicatrices y las estr\u00edas.<\/li>\n<li>Reduce, alivia la despigmentaci\u00f3n, el acn\u00e9, la cuperosis.<\/li>\n<\/ul>\n<p><strong>Utilice<\/strong>Aplicar el s\u00e9rum por la ma\u00f1ana y por la noche sobre la piel previamente limpia. Con su pedido recibir\u00e1 una botella gratuita de agua Kangen de belleza. Aqu\u00ed sobre los tipos de agua kangen. Aqu\u00ed sobre las propiedades del agua kangen.<\/p>\n<p>Administraci\u00f3n sin\u00e9rgica con\u00a0<a href=\"https:\/\/www.natural-stemcell.com\/es\/laminine\/\">Laminina<\/a> potencia la eficacia del suero.<\/p>\n<div id=\"page\" class=\"hfeed site\">\n<div id=\"content\" class=\"site-content\">\n<div class=\"container\">\n<div class=\"row\">\n<div id=\"primary\" class=\"content-area col-md-12\">\n<div id=\"product-3640\" class=\"mf-single-product mf-product-layout-1 product type-product post-3640 status-publish first instock product_cat-terapie-laminine has-post-thumbnail sale featured shipping-taxable purchasable product-type-simple\">\n<div class=\"mf-product-summary\">\n<div class=\"woocommerce-tabs wc-tabs-wrapper\">\n<div id=\"tab-description\" class=\"woocommerce-Tabs-panel woocommerce-Tabs-panel--description panel entry-content wc-tab\" role=\"tabpanel\" aria-labelledby=\"tab-title-description\">\n<div class=\"vc_row wpb_row vc_row-fluid vc_custom_1617694440658\">\n<div class=\"container\">\n<div class=\"row\">\n<div class=\"wpb_column vc_column_container vc_col-sm-12\">\n<div class=\"vc_column-inner\">\n<div class=\"wpb_wrapper\">\n<div class=\"wpb_text_column wpb_content_element\">\n<div class=\"wpb_wrapper\">\n<div id=\"sc_title_1928225604\" class=\"sc_title color_style_default sc_title_default\">\n<h2 class=\"sc_item_title sc_title_title sc_align_center sc_item_title_style_default\" style=\"text-align: center;\"><\/h2>\n<\/div>\n<\/div>\n<\/div>\n<\/div>\n<\/div>\n<\/div>\n<\/div>\n<\/div>\n<\/div>\n<\/div>\n<\/div>\n<\/div>\n<\/div>\n<\/div>\n<\/div>\n<\/div>\n<\/div>\n<\/div>\n\n\t\t<\/div>\n\t<\/div>\n\n\t<div class=\"wpb_text_column wpb_content_element\" >\n\t\t<div class=\"wpb_wrapper\">\n\t\t\t<h4><\/h4>\n<h4 style=\"text-align: center;\"><b>Todos los productos <a href=\"https:\/\/dianysmedia.info\/proiect2643n\">LIFEPHARM<\/a> tienen en su composici\u00f3n extracto de \u00f3vulo fecundado, \u00fanico patentado a nivel mundial.<\/b><\/h4>\n\n\t\t<\/div>\n\t<\/div>\n<\/div><\/div><\/div><\/div><\/div><\/div><div class=\"vc_row wpb_row vc_row-fluid\"><div class=\"container\"><div class=\"row\"><div class=\"wpb_column vc_column_container vc_col-sm-12\"><div class=\"vc_column-inner\"><div class=\"wpb_wrapper\"><\/div><\/div><\/div><\/div><\/div><\/div><div class=\"vc_row wpb_row vc_row-fluid\"><div class=\"container\"><div class=\"row\"><div class=\"wpb_column vc_column_container vc_col-sm-12\"><div class=\"vc_column-inner\"><div class=\"wpb_wrapper\">\n\t<div class=\"wpb_text_column wpb_content_element\" >\n\t\t<div class=\"wpb_wrapper\">\n\t\t\t<div id=\"sc_title_1928225604\" class=\"sc_title color_style_default sc_title_default\">\n<h2 class=\"sc_item_title sc_title_title sc_align_center sc_item_title_style_default\" style=\"text-align: center;\">Asistencia constante.<\/h2>\n<\/div>\n<div class=\"vc_empty_space height_small\" style=\"text-align: center;\"><\/div>\n<div class=\"wpb_text_column wpb_content_element\">\n<div class=\"wpb_wrapper\">\n<p style=\"text-align: center;\">Asesoramiento y comentarios en tiempo real a trav\u00e9s de diversos medios de comunicaci\u00f3n.<br \/>\nPara cada problema hay varias soluciones.<br \/>\nS\u00f3lo hay que saber c\u00f3mo llegar a ellos.<\/p>\n<h4 style=\"text-align: center;\"><strong>Tel\u00e9fono: (+4) 0790 887 888<\/strong><\/h4>\n<\/div>\n<\/div>\n<div class=\"woocommerce-tab-content\"><\/div>\n\n\t\t<\/div>\n\t<\/div>\n<\/div><\/div><\/div><\/div><\/div><\/div>","protected":false},"excerpt":{"rendered":"<h4>LAMIDERM APEX LIFEPHARM<\/h4>\n<p><strong>Suero con ingredientes biol\u00f3gicos naturales 100%\u00a0<\/strong><\/p>\n<p>&nbsp;<\/p>\n<p>Precio del productor:<\/p>\n<ul>\n<li><strong>a partir de 300 lei\/unidad. (15 ml)<\/strong><\/li>\n<li><strong>desde 750 lei\/unidad. (50 ml)<\/strong><\/li>\n<\/ul>\n<p>&nbsp;<\/p>\n<p>Lamiderm APEX es el suero de regeneraci\u00f3n celular de la piel m\u00e1s eficaz del mundo. La empresa Dermatest ha declarado este suero como el mejor suero del mundo en 2020 para la regeneraci\u00f3n de la piel (el equivalente al Premio Nobel en el mundo de los suplementos nutricionales). Es biol\u00f3gicamente natural y contiene el extracto de huevo fecundado patentado por LifePharm, que est\u00e1 cl\u00ednicamente probado que estimula la producci\u00f3n de los tres componentes de la piel, restaurando la elasticidad, la firmeza y la luminosidad. En s\u00f3lo 3 d\u00edas, al aumentar los niveles fisiol\u00f3gicos de col\u00e1geno <strong>con 250%<\/strong>, la elastina con <strong>200%<\/strong> y la fibronectina con <strong>350%<\/strong>.<\/p>\n<p>&nbsp;<\/p>\n<p>El col\u00e1geno hace que la piel sea m\u00e1s compacta, la elastina aumenta la elasticidad de la piel y la fibronectina sostiene y mejora la matriz cut\u00e1nea y acelera la cicatrizaci\u00f3n de las heridas. La f\u00f3rmula de extracto de huevo fecundado es tambi\u00e9n una fuente de lisil oxidasa, una enzima natural que se encuentra en la piel humana, esencial para una piel sana y un aspecto juvenil, influye en la longitud y la firmeza de las fibras de la piel. La adici\u00f3n de extracto de hierbas suizas reduce las manchas oscuras de la piel 70% y mejora el tono de la piel, iluminando el rostro. La exclusiva mezcla de extracto de fruta de kiwi, fresa, granada, ar\u00e1ndano y ar\u00e1ndano rojo ayuda a restaurar la piel da\u00f1ada y a regenerar las c\u00e9lulas de la piel. La combinaci\u00f3n de CoQ 10, vitamina C y vitamina E combate los radicales libres, retrasando el envejecimiento de la piel. Adem\u00e1s, el aceite de coco y el jugo de aloe vera optimizan la absorci\u00f3n natural de los ingredientes.<\/p>\n<p><strong>LAMIDERM APEX<\/strong> \u00a1es una terapia de regeneraci\u00f3n\/intineraci\u00f3n 100%!<\/p>\n<p>En el momento de la entrega, recibir\u00e1 una botella adicional de agua de kangen de belleza, que aumenta el efecto fisiol\u00f3gico del suero.<\/p>\n<p>Asesoramiento e informaci\u00f3n gratuitos: <a href=\"https:\/\/www.natural-stemcell.com\/es\/\"><strong>tratamientos alternativos<\/strong><\/a> \/ <strong>(+4) 0790 887 888<\/strong><\/p>\n<p>&nbsp;<\/p>\n<p>Para comprar\u00a0<strong>al precio adecuado<\/strong>, pulse el bot\u00f3n izquierdo\u00a0<strong>\"comprar a precio de fabricante\"<\/strong>, fijar el idioma<strong>\u00a0Romano<\/strong>\u00a0si tiene<strong>\u00a0productos al precio m\u00e1s bajo. <\/strong>Entrega <strong>m\u00e1x. 3 d\u00edas.<\/strong><\/p>\n<p>&nbsp;<\/p>\n<p>Asistencia permanente en\u00a0<strong>Servicios y productos de LifePharm<\/strong><strong>: (+4) 0790 887 888.<\/strong><\/p>","protected":false},"featured_media":4198,"template":"","meta":[],"product_cat":[15],"product_tag":[],"_links":{"self":[{"href":"https:\/\/www.natural-stemcell.com\/es\/wp-json\/wp\/v2\/product\/3643"}],"collection":[{"href":"https:\/\/www.natural-stemcell.com\/es\/wp-json\/wp\/v2\/product"}],"about":[{"href":"https:\/\/www.natural-stemcell.com\/es\/wp-json\/wp\/v2\/types\/product"}],"wp:featuredmedia":[{"embeddable":true,"href":"https:\/\/www.natural-stemcell.com\/es\/wp-json\/wp\/v2\/media\/4198"}],"wp:attachment":[{"href":"https:\/\/www.natural-stemcell.com\/es\/wp-json\/wp\/v2\/media?parent=3643"}],"wp:term":[{"taxonomy":"product_cat","embeddable":true,"href":"https:\/\/www.natural-stemcell.com\/es\/wp-json\/wp\/v2\/product_cat?post=3643"},{"taxonomy":"product_tag","embeddable":true,"href":"https:\/\/www.natural-stemcell.com\/es\/wp-json\/wp\/v2\/product_tag?post=3643"}],"curies":[{"name":"wp","href":"https:\/\/api.w.org\/{rel}","templated":true}]}}