{"id":3642,"date":"2021-04-06T08:11:29","date_gmt":"2021-04-06T05:11:29","guid":{"rendered":"https:\/\/dianysmedia.info\/proiect2541b\/?post_type=product&#038;p=3642"},"modified":"2022-06-07T11:53:56","modified_gmt":"2022-06-07T08:53:56","slug":"omnia","status":"publish","type":"product","link":"https:\/\/www.natural-stemcell.com\/es\/producto\/omnia\/","title":{"rendered":"OMNIA"},"content":{"rendered":"<div class=\"vc_row wpb_row vc_row-fluid\"><div class=\"container\"><div class=\"row\"><div class=\"wpb_column vc_column_container vc_col-sm-12\"><div class=\"vc_column-inner\"><div class=\"wpb_wrapper\">\n\t<div class=\"wpb_video_widget wpb_content_element vc_clearfix   vc_video-aspect-ratio-169 vc_video-el-width-100 vc_video-align-left\" >\n\t\t<div class=\"wpb_wrapper\">\n\t\t\t\n\t\t\t<div class=\"wpb_video_wrapper\"><iframe title=\"Presentaci\u00f3n de Omnia\" width=\"840\" height=\"473\" src=\"https:\/\/www.youtube.com\/embed\/740ZLt3T9zo?feature=oembed\" frameborder=\"0\" allow=\"accelerometer; autoplay; clipboard-write; encrypted-media; gyroscope; picture-in-picture\" allowfullscreen><\/iframe><\/div>\n\t\t<\/div>\n\t<\/div>\n<div class=\"vc_empty_space\"   style=\"height: 52px\"><span class=\"vc_empty_space_inner\"><\/span><\/div>\n\t<div class=\"wpb_text_column wpb_content_element  vc_custom_1649483113040\" >\n\t\t<div class=\"wpb_wrapper\">\n\t\t\t<p style=\"text-align: center;\"><strong> Informaci\u00f3n y detalles especializados:<br \/>\n<\/strong><strong><span style=\"color: #339966;\">\u00a0 \u00a0\u00a0(+4) 0790 887 888<\/span><br \/>\n<\/strong><strong>o<br \/>\n<\/strong><strong>\u00a0 \u00a0Rellene el siguiente formulario:<\/strong><\/p>\n\n\t\t<\/div>\n\t<\/div>\n<div role=\"form\" class=\"wpcf7\" id=\"wpcf7-f377-o1\" lang=\"en-US\" dir=\"ltr\">\n<div class=\"screen-reader-response\"><p role=\"status\" aria-live=\"polite\" aria-atomic=\"true\"><\/p> <ul><\/ul><\/div>\n<form action=\"\/es\/wp-json\/wp\/v2\/product\/3642#wpcf7-f377-o1\" method=\"post\" class=\"wpcf7-form init\" novalidate=\"novalidate\" data-status=\"init\" data-trp-original-action=\"\/es\/wp-json\/wp\/v2\/product\/3642#wpcf7-f377-o1\">\n<div style=\"display: none;\">\n<input type=\"hidden\" name=\"_wpcf7\" value=\"377\" \/>\n<input type=\"hidden\" name=\"_wpcf7_version\" value=\"5.5.6.1\" \/>\n<input type=\"hidden\" name=\"_wpcf7_locale\" value=\"en_US\" \/>\n<input type=\"hidden\" name=\"_wpcf7_unit_tag\" value=\"wpcf7-f377-o1\" \/>\n<input type=\"hidden\" name=\"_wpcf7_container_post\" value=\"0\" \/>\n<input type=\"hidden\" name=\"_wpcf7_posted_data_hash\" value=\"\" \/>\n<\/div>\n<div class=\"row\" style=\"margin-bottom: 40px\">\n<div class=\"col-md-6 col-md-6 col-md-12\"><span class=\"wpcf7-form-control-wrap your-name\"><input type=\"text\" name=\"your-name\" value=\"\" size=\"40\" class=\"wpcf7-form-control wpcf7-text wpcf7-validates-as-required\" aria-required=\"true\" aria-invalid=\"false\" placeholder=\"Nombre completo*\" \/><\/span><\/div>\n<div class=\"col-md-6 col-md-6 col-md-12\"><span class=\"wpcf7-form-control-wrap your-email\"><input type=\"text\" name=\"your-email\" value=\"\" size=\"40\" class=\"wpcf7-form-control wpcf7-text wpcf7-validates-as-required\" aria-required=\"true\" aria-invalid=\"false\" placeholder=\"Correo electr\u00f3nico*\" \/><\/span><\/div>\n<div class=\"col-md-6 col-md-6 col-md-12\"><span class=\"wpcf7-form-control-wrap telefon\"><input type=\"text\" name=\"telefon\" value=\"\" size=\"40\" class=\"wpcf7-form-control wpcf7-text wpcf7-validates-as-required\" aria-required=\"true\" aria-invalid=\"false\" placeholder=\"Tel\u00e9fono\" \/><\/span><\/div>\n<div class=\"col-md-6 col-md-6 col-md-12\"><span class=\"wpcf7-form-control-wrap cantitate\"><input type=\"text\" name=\"cantitate\" value=\"\" size=\"40\" class=\"wpcf7-form-control wpcf7-text wpcf7-validates-as-required\" aria-required=\"true\" aria-invalid=\"false\" placeholder=\"Cantidad\" \/><\/span><\/div>\n<div class=\"col-md-12 col-md-12 col-md-12\"><span class=\"wpcf7-form-control-wrap adresa\"><input type=\"text\" name=\"adresa\" value=\"\" size=\"40\" class=\"wpcf7-form-control wpcf7-text wpcf7-validates-as-required\" aria-required=\"true\" aria-invalid=\"false\" placeholder=\"Direcci\u00f3n completa (calle, ciudad, condado)\" \/><\/span><\/div>\n<div class=\"col-md-12 col-md-12 col-md-12 text-center\"><input type=\"submit\" value=\"ENVIAR\" class=\"wpcf7-form-control has-spinner wpcf7-submit\" \/><\/div>\n<\/div>\n<div class=\"wpcf7-response-output\" aria-hidden=\"true\"><\/div><input type=\"hidden\" name=\"trp-form-language\" value=\"es\"\/><\/form><\/div><\/div><\/div><\/div><\/div><\/div><\/div><div class=\"vc_row wpb_row vc_row-fluid vc_custom_1617694440658\"><div class=\"container\"><div class=\"row\"><div class=\"wpb_column vc_column_container vc_col-sm-12\"><div class=\"vc_column-inner\"><div class=\"wpb_wrapper\">\n\t<div class=\"wpb_text_column wpb_content_element\" >\n\t\t<div class=\"wpb_wrapper\">\n\t\t\t<div class=\"woocommerce-tab-item\">\n<div class=\"woocommerce-tab-content\">\n<div class=\"AccordionPanelTab-achievers AccordionPanelTabHover\">\n<h2>OMNIA<\/h2>\n<p>El cuidado adecuado de la piel es esencial para crear y mantener la salud y vitalidad de nuestro aspecto. Pero no basta con lo que te apliques en la piel cada d\u00eda. Todo lo que consumes puede reflejarse positiva o negativamente en tu piel; por lo tanto, consumir las vitaminas y nutrientes adecuados cada d\u00eda garantizar\u00e1 que tu piel est\u00e9 m\u00e1s sana.<\/p>\n<p>El envejecimiento cut\u00e1neo es especialmente visible en el aspecto del rostro: la estructura de la piel cambia inevitablemente con la edad y el funcionamiento de las c\u00e9lulas se ralentiza con el tiempo, lo que ralentiza la circulaci\u00f3n sangu\u00ednea en la piel, por lo que aparecen arrugas y manchas oscuras, p\u00e9rdida de elasticidad y p\u00e9rdida de volumen cut\u00e1neo.<\/p>\n<h3>Ventajas de OMNIA<\/h3>\n<p>Una de las principales causas del envejecimiento es el estr\u00e9s oxidativo, que libera radicales libres, peque\u00f1as mol\u00e9culas que da\u00f1an las c\u00e9lulas y los tejidos del organismo y de la piel. De este modo, el proceso de envejecimiento del organismo se acelera, da\u00f1ando tambi\u00e9n la piel.<\/p>\n<p>Adem\u00e1s, hay causas externas que contribuyen al envejecimiento: el smog, la luz solar, el consumo de cigarrillos y alcohol, la mala alimentaci\u00f3n y diversas enfermedades.<\/p>\n<h3>OMNIA - un suplemento \u00fanico e innovador<\/h3>\n<p><a href=\"https:\/\/www.natural-stemcell.com\/es\/omnia\/\"><strong>OMNIA<\/strong><\/a> es un suplemento \u00fanico e innovador espec\u00edfico para el cuidado y la salud de la piel, las u\u00f1as y el cabello. Contiene una mezcla de ingredientes totalmente naturales especialmente formulados para contrarrestar y prevenir todos los signos del envejecimiento.<\/p>\n<p>Es un producto \u00fanico porque contiene:<\/p>\n<ul>\n<li>La f\u00f3rmula patentada OPT9 de LifePharm de factores bioactivos de crecimiento del \u00f3vulo, que se extraen del \u00f3vulo fecundado el d\u00eda 9, la \u00fanica fuente de FGF2, factores de crecimiento de fibroblastos, LOX lisil oxidasa y polip\u00e9ptidos.<\/li>\n<li>Alga espirulina (fuente de hierro, prote\u00ednas, antioxidantes, vitaminas B, C, D, E, amino\u00e1cidos esenciales, pigmentos y fitoqu\u00edmicos) que neutraliza los radicales libres;<\/li>\n<li>Las flores del tr\u00e9bol rojo (fuente de flavonoides) ayudan a fortalecer los vasos sangu\u00edneos, retrasando el envejecimiento causado por la falta de estr\u00f3genos;<\/li>\n<li>Un supercomplejo vitam\u00ednico de 8 vitaminas B esenciales; un supercomplejo rejuvenecedor de \u00e1cido hialur\u00f3nico, L-ciste\u00edna y col\u00e1geno de pescado;<\/li>\n<li>Una combinaci\u00f3n de antioxidantes: selenio, zinc, extracto de uva y magnesio y una mezcla de hierbas curativas.<\/li>\n<\/ul>\n<p>Todos estos ingredientes contribuyen a la salud de la piel, aumentando la producci\u00f3n de las tres fibras principales que la componen:<\/p>\n<ul>\n<li>+ 250% col\u00e1geno<\/li>\n<li>+ 200% elastina<\/li>\n<li>+ 300% fibronectina<\/li>\n<\/ul>\n<p>(fuente: estudios <a href=\"https:\/\/en.wikipedia.org\/wiki\/Laminin\">cient\u00edfico<\/a> aprobado por la Universidad de Toronto 2016\/2017)<\/p>\n<h3>Beneficios de OMNIA:<\/h3>\n<ul>\n<li>Ayuda a mantener la piel sana y brillante.<\/li>\n<li>Protege la piel del estr\u00e9s oxidativo.<\/li>\n<li>Estimula el crecimiento celular de la piel.<\/li>\n<li>Favorece la formaci\u00f3n de col\u00e1geno, elastina y fibronectina.<\/li>\n<li>Ayuda a mejorar la hidrataci\u00f3n y la elasticidad de la piel.<\/li>\n<li>Ayuda a prevenir las arrugas y los da\u00f1os solares defendiendo la piel del fotoenvejecimiento y de la exposici\u00f3n a los rayos UVB.<\/li>\n<li>Combate los radicales libres.<\/li>\n<li>Favorece el crecimiento de las u\u00f1as.<\/li>\n<li>Previene las u\u00f1as d\u00e9biles y quebradizas.<\/li>\n<li>Refuerza las estructuras proteicas del cabello para mejorar su estructura, textura y belleza.<\/li>\n<\/ul>\n<p><strong>Dosis diaria<\/strong>se recomienda tomar una c\u00e1psula dos veces al d\u00eda entre las comidas.<\/p>\n<\/div>\n<p>&nbsp;<\/p>\n<\/div>\n<\/div>\n<div class=\"woocommerce-tab-item\">\n<div class=\"woocommerce-tab-content\">\n<div>Administraci\u00f3n sin\u00e9rgica con\u00a0<a href=\"https:\/\/www.natural-stemcell.com\/es\/laminine\/\">Laminina<\/a>\u00a0potencia la eficacia del producto.<\/div>\n<div><\/div>\n<div><\/div>\n<div><\/div>\n<div><\/div>\n<div>\n<div class=\"vc_row wpb_row vc_row-fluid vc_custom_1617695841337\">\n<div class=\"container\">\n<div class=\"row\">\n<div class=\"wpb_column vc_column_container vc_col-sm-12\">\n<div class=\"vc_column-inner\">\n<div class=\"wpb_wrapper\">\n<div class=\"wpb_text_column wpb_content_element\">\n<div class=\"wpb_wrapper\">\n<h4 style=\"text-align: center;\"><b>Todos los productos\u00a0<a href=\"https:\/\/www.natural-stemcell.com\/es\/\">LIFEPHARM<\/a>\u00a0tienen en su composici\u00f3n extracto de \u00f3vulo fecundado, \u00fanico patentado a nivel mundial.<\/b><\/h4>\n<\/div>\n<\/div>\n<\/div>\n<\/div>\n<\/div>\n<\/div>\n<\/div>\n<\/div>\n<div class=\"vc_row wpb_row vc_row-fluid\">\n<div class=\"container\">\n<div class=\"row\">\n<div class=\"wpb_column vc_column_container vc_col-sm-12\">\n<div class=\"vc_column-inner\">\n<div class=\"wpb_wrapper\"><\/div>\n<\/div>\n<\/div>\n<\/div>\n<\/div>\n<\/div>\n<div class=\"vc_row wpb_row vc_row-fluid\">\n<div class=\"container\">\n<div class=\"row\">\n<div class=\"wpb_column vc_column_container vc_col-sm-12\">\n<div class=\"vc_column-inner\">\n<div class=\"wpb_wrapper\">\n<div class=\"wpb_text_column wpb_content_element\">\n<div class=\"wpb_wrapper\">\n<div id=\"sc_title_1928225604\" class=\"sc_title color_style_default sc_title_default\">\n<h2 class=\"sc_item_title sc_title_title sc_align_center sc_item_title_style_default\" style=\"text-align: center;\">Asistencia constante.<\/h2>\n<\/div>\n<div class=\"vc_empty_space height_small\" style=\"text-align: center;\"><\/div>\n<div class=\"wpb_text_column wpb_content_element\">\n<div class=\"wpb_wrapper\">\n<p style=\"text-align: center;\">Asesoramiento y comentarios en tiempo real a trav\u00e9s de diversos medios de comunicaci\u00f3n.<br \/>\nPara cada problema hay varias soluciones.<br \/>\nS\u00f3lo hay que saber c\u00f3mo llegar a ellos.<\/p>\n<h4 style=\"text-align: center;\"><strong>Tel\u00e9fono: 0790 887 888<\/strong><\/h4>\n<\/div>\n<\/div>\n<\/div>\n<\/div>\n<\/div>\n<\/div>\n<\/div>\n<\/div>\n<\/div>\n<\/div>\n<\/div>\n<\/div>\n<\/div>\n\n\t\t<\/div>\n\t<\/div>\n\n\t<div class=\"wpb_text_column wpb_content_element\" >\n\t\t<div class=\"wpb_wrapper\">\n\t\t\t<h4><\/h4>\n<h4 style=\"text-align: center;\"><b>Todos los productos LIFEPHARM contienen el \u00fanico extracto de \u00f3vulo fecundado patentado a nivel mundial.<\/b><\/h4>\n\n\t\t<\/div>\n\t<\/div>\n<\/div><\/div><\/div><\/div><\/div><\/div>","protected":false},"excerpt":{"rendered":"<h4>OMNIA LIFEPHARM<\/h4>\n<p><strong>Suplemento nutricional biol\u00f3gicamente activo 100%<\/strong><\/p>\n<p>&nbsp;<\/p>\n<p>Precio del productor: <strong>desde 380 lei\/unidad.<\/strong><\/p>\n<p>&nbsp;<\/p>\n<p>OMNIA es un suplemento 100% totalmente natural, \u00fanico, patentado e innovador dedicado a la belleza del cuerpo, de hecho su especificidad es ralentizar los efectos del envejecimiento de la piel y fortalecer la estructura de las u\u00f1as y el cabello.<\/p>\n<p>Sus ingredientes principales son la f\u00f3rmula patentada OPT9 de LifePharm, el alga espirulina, la flor de tr\u00e9bol rojo y una mezcla de hierbas curativas, que ayudan a prevenir las arrugas y los da\u00f1os causados por el sol, el smog y los factores externos, protegiendo la piel del fotoenvejecimiento y la exposici\u00f3n a los rayos UVB, mejorando la hidrataci\u00f3n y haciendo que la piel est\u00e9 m\u00e1s brillante y sana. La adici\u00f3n de \u00e1cido hialur\u00f3nico y 8 tipos de vitaminas del grupo B lo hace a\u00fan m\u00e1s completo. De hecho, estos ingredientes act\u00faan tanto sobre la piel, que estar\u00e1 m\u00e1s hidratada y el\u00e1stica, como sobre la ca\u00edda del cabello, ya que refuerza la estructura de la piel, y sobre la estructura de las u\u00f1as, evitando su debilitamiento. OMNIA es ante todo un antioxidante, ya que contiene zinc y vitamina C, por lo que mejora la circulaci\u00f3n sangu\u00ednea y aporta todos los nutrientes esenciales para la salud de la piel. Adem\u00e1s, act\u00faa sobre una enzima capaz de unir el col\u00e1geno con la elastina.<\/p>\n<p>OMNIA es el \u00fanico suplemento para la piel que puede ofrecer los mismos resultados que un costoso tratamiento de belleza.<\/p>\n<p>Asesoramiento e informaci\u00f3n terap\u00e9utica gratuitos: <a href=\"https:\/\/www.natural-stemcell.com\/es\/\"><strong>terapias alternativas<\/strong><\/a> \/\u00a0<strong>(+4) 0790 887 888<\/strong><\/p>\n<p>&nbsp;<\/p>\n<p>Para comprar\u00a0<strong>al precio adecuado<\/strong>, pulse el bot\u00f3n izquierdo\u00a0<strong>\"comprar a precio de fabricante\"<\/strong>, fijar el idioma<strong>\u00a0Romano<\/strong>\u00a0si tiene<strong>\u00a0productos al precio m\u00e1s bajo. <\/strong>Entrega <strong>m\u00e1x. 3 d\u00edas.<\/strong><\/p>\n<p>&nbsp;<\/p>\n<p>Asistencia permanente en\u00a0<strong>Servicios y productos de LifePharm<\/strong><strong>: (+4) 0790 887 888.<\/strong><\/p>","protected":false},"featured_media":4201,"template":"","meta":[],"product_cat":[15],"product_tag":[],"_links":{"self":[{"href":"https:\/\/www.natural-stemcell.com\/es\/wp-json\/wp\/v2\/product\/3642"}],"collection":[{"href":"https:\/\/www.natural-stemcell.com\/es\/wp-json\/wp\/v2\/product"}],"about":[{"href":"https:\/\/www.natural-stemcell.com\/es\/wp-json\/wp\/v2\/types\/product"}],"wp:featuredmedia":[{"embeddable":true,"href":"https:\/\/www.natural-stemcell.com\/es\/wp-json\/wp\/v2\/media\/4201"}],"wp:attachment":[{"href":"https:\/\/www.natural-stemcell.com\/es\/wp-json\/wp\/v2\/media?parent=3642"}],"wp:term":[{"taxonomy":"product_cat","embeddable":true,"href":"https:\/\/www.natural-stemcell.com\/es\/wp-json\/wp\/v2\/product_cat?post=3642"},{"taxonomy":"product_tag","embeddable":true,"href":"https:\/\/www.natural-stemcell.com\/es\/wp-json\/wp\/v2\/product_tag?post=3642"}],"curies":[{"name":"wp","href":"https:\/\/api.w.org\/{rel}","templated":true}]}}