{"id":3639,"date":"2021-04-06T08:10:55","date_gmt":"2021-04-06T05:10:55","guid":{"rendered":"https:\/\/dianysmedia.info\/proiect2541b\/?post_type=product&#038;p=3639"},"modified":"2022-06-07T11:54:25","modified_gmt":"2022-06-07T08:54:25","slug":"omega-lifepharm","status":"publish","type":"product","link":"https:\/\/www.natural-stemcell.com\/es\/producto\/omega-lifepharm\/","title":{"rendered":"OMEGA+++"},"content":{"rendered":"<div class=\"vc_row wpb_row vc_row-fluid\"><div class=\"container\"><div class=\"row\"><div class=\"wpb_column vc_column_container vc_col-sm-12\"><div class=\"vc_column-inner\"><div class=\"wpb_wrapper\">\n\t<div class=\"wpb_video_widget wpb_content_element vc_clearfix   vc_video-aspect-ratio-169 vc_video-el-width-100 vc_video-align-center\" >\n\t\t<div class=\"wpb_wrapper\">\n\t\t\t\n\t\t\t<div class=\"wpb_video_wrapper\"><iframe title=\"Ventajas pr\u00e1cticas de tomar OMEGA+++\" width=\"840\" height=\"473\" src=\"https:\/\/www.youtube.com\/embed\/ROqTks2-exE?feature=oembed\" frameborder=\"0\" allow=\"accelerometer; autoplay; clipboard-write; encrypted-media; gyroscope; picture-in-picture\" allowfullscreen><\/iframe><\/div>\n\t\t<\/div>\n\t<\/div>\n<div class=\"vc_empty_space\"   style=\"height: 52px\"><span class=\"vc_empty_space_inner\"><\/span><\/div>\n\t<div class=\"wpb_text_column wpb_content_element  vc_custom_1618924765200\" >\n\t\t<div class=\"wpb_wrapper\">\n\t\t\t<p style=\"text-align: center;\"><strong> Informaci\u00f3n y detalles especializados:<br \/>\n<\/strong><strong><span style=\"color: #339966;\">\u00a0 \u00a0\u00a0(+4) 0790 887 888<\/span><br \/>\n<\/strong><strong>o<br \/>\n<\/strong><strong>\u00a0 \u00a0Rellene el siguiente formulario:<\/strong><\/p>\n\n\t\t<\/div>\n\t<\/div>\n<div role=\"form\" class=\"wpcf7\" id=\"wpcf7-f377-o1\" lang=\"en-US\" dir=\"ltr\">\n<div class=\"screen-reader-response\"><p role=\"status\" aria-live=\"polite\" aria-atomic=\"true\"><\/p> <ul><\/ul><\/div>\n<form action=\"\/es\/wp-json\/wp\/v2\/product\/3639#wpcf7-f377-o1\" method=\"post\" class=\"wpcf7-form init\" novalidate=\"novalidate\" data-status=\"init\" data-trp-original-action=\"\/es\/wp-json\/wp\/v2\/product\/3639#wpcf7-f377-o1\">\n<div style=\"display: none;\">\n<input type=\"hidden\" name=\"_wpcf7\" value=\"377\" \/>\n<input type=\"hidden\" name=\"_wpcf7_version\" value=\"5.5.6.1\" \/>\n<input type=\"hidden\" name=\"_wpcf7_locale\" value=\"en_US\" \/>\n<input type=\"hidden\" name=\"_wpcf7_unit_tag\" value=\"wpcf7-f377-o1\" \/>\n<input type=\"hidden\" name=\"_wpcf7_container_post\" value=\"0\" \/>\n<input type=\"hidden\" name=\"_wpcf7_posted_data_hash\" value=\"\" \/>\n<\/div>\n<div class=\"row\" style=\"margin-bottom: 40px\">\n<div class=\"col-md-6 col-md-6 col-md-12\"><span class=\"wpcf7-form-control-wrap your-name\"><input type=\"text\" name=\"your-name\" value=\"\" size=\"40\" class=\"wpcf7-form-control wpcf7-text wpcf7-validates-as-required\" aria-required=\"true\" aria-invalid=\"false\" placeholder=\"Nombre completo*\" \/><\/span><\/div>\n<div class=\"col-md-6 col-md-6 col-md-12\"><span class=\"wpcf7-form-control-wrap your-email\"><input type=\"text\" name=\"your-email\" value=\"\" size=\"40\" class=\"wpcf7-form-control wpcf7-text wpcf7-validates-as-required\" aria-required=\"true\" aria-invalid=\"false\" placeholder=\"Correo electr\u00f3nico*\" \/><\/span><\/div>\n<div class=\"col-md-6 col-md-6 col-md-12\"><span class=\"wpcf7-form-control-wrap telefon\"><input type=\"text\" name=\"telefon\" value=\"\" size=\"40\" class=\"wpcf7-form-control wpcf7-text wpcf7-validates-as-required\" aria-required=\"true\" aria-invalid=\"false\" placeholder=\"Tel\u00e9fono\" \/><\/span><\/div>\n<div class=\"col-md-6 col-md-6 col-md-12\"><span class=\"wpcf7-form-control-wrap cantitate\"><input type=\"text\" name=\"cantitate\" value=\"\" size=\"40\" class=\"wpcf7-form-control wpcf7-text wpcf7-validates-as-required\" aria-required=\"true\" aria-invalid=\"false\" placeholder=\"Cantidad\" \/><\/span><\/div>\n<div class=\"col-md-12 col-md-12 col-md-12\"><span class=\"wpcf7-form-control-wrap adresa\"><input type=\"text\" name=\"adresa\" value=\"\" size=\"40\" class=\"wpcf7-form-control wpcf7-text wpcf7-validates-as-required\" aria-required=\"true\" aria-invalid=\"false\" placeholder=\"Direcci\u00f3n completa (calle, ciudad, condado)\" \/><\/span><\/div>\n<div class=\"col-md-12 col-md-12 col-md-12 text-center\"><input type=\"submit\" value=\"ENVIAR\" class=\"wpcf7-form-control has-spinner wpcf7-submit\" \/><\/div>\n<\/div>\n<div class=\"wpcf7-response-output\" aria-hidden=\"true\"><\/div><input type=\"hidden\" name=\"trp-form-language\" value=\"es\"\/><\/form><\/div>\n\t<div class=\"wpb_text_column wpb_content_element\" >\n\t\t<div class=\"wpb_wrapper\">\n\t\t\t<h3 style=\"text-align: center;\">F\u00f3rmula para limpiar y prevenir los dep\u00f3sitos en los vasos sangu\u00edneos (LDL-colesterol y Ca) y reparar el endotelio vascular (revestimiento de los vasos sangu\u00edneos), junto con otros m\u00faltiples beneficios.<\/h3>\n\n\t\t<\/div>\n\t<\/div>\n<\/div><\/div><\/div><\/div><\/div><\/div><div class=\"vc_row wpb_row vc_row-fluid vc_custom_1617694440658\"><div class=\"container\"><div class=\"row\"><div class=\"wpb_column vc_column_container vc_col-sm-12\"><div class=\"vc_column-inner\"><div class=\"wpb_wrapper\">\n\t<div class=\"wpb_text_column wpb_content_element\" >\n\t\t<div class=\"wpb_wrapper\">\n\t\t\t<h3 class=\"laminina\">Omega+++ detalles<\/h3>\n<p>La salud \u00f3ptima del sistema cardiovascular depende especialmente de la salud de las venas y arterias a trav\u00e9s de las cuales el coraz\u00f3n, el m\u00fasculo m\u00e1s importante de nuestro cuerpo, bombea la sangre que transporta nutrientes, ox\u00edgeno, hormonas, c\u00e9lulas y mol\u00e9culas del sistema inmunitario esenciales para el buen funcionamiento de todo el organismo.<\/p>\n<h3 class=\"laminina\">Sistema circulatorio - Omega+++<\/h3>\n<p>El aparato circulatorio es un sistema muy complejo y a menudo puede deteriorarse y dejar de funcionar de forma \u00f3ptima, con consecuencias m\u00e1s o menos graves. A veces puede haber insuficiencia cardiaca o disfunci\u00f3n de los vasos sangu\u00edneos u obstrucci\u00f3n de las arterias debido a la oxidaci\u00f3n, los dep\u00f3sitos de calcio o el colesterol \"malo\" (LDL) adherido a las paredes de los vasos sangu\u00edneos.<\/p>\n<p>Las principales causas que inducen la disfunci\u00f3n del sistema circulatorio son el estr\u00e9s, el abuso del alcohol, las drogas, la mala alimentaci\u00f3n, el estilo de vida y el tabaquismo.<\/p>\n<p>El ejercicio, una dieta sana, la reducci\u00f3n del estr\u00e9s y un sue\u00f1o de calidad pueden ayudar a mejorar la salud circulatoria, pero con el paso de los a\u00f1os no es suficiente.<\/p>\n<p>Para ello <strong>LifePharm<\/strong> creado<strong> OMEGA +++<\/strong>un suplemento \u00fanico patentado con 100% ingredientes naturales, que ayuda y mejora la funci\u00f3n del sistema cardio-circulatorio, la funci\u00f3n cognitiva, \u00f3ptica, articular y la permeabilidad de la membrana celular.<\/p>\n<h3 class=\"laminina\">Omega+++ ingrediente<\/h3>\n<p>OMEGA++ est\u00e1 compuesto por ingredientes de primera calidad y origen certificado que componen su exclusiva mezcla multifuncional patentada de \u00e1cidos grasos <strong>Omega (3, 6 y 9)<\/strong>Vitamina<strong> K2<\/strong>, <strong>CoQ10<\/strong> y mejorado con <strong>extracto de huevo aviar fecundado<\/strong>.<\/p>\n<p>Los Omega 3 (EPA y DHA) utilizados proceden del Engraulis Ringens, un miembro de la familia de la anchoa que tiene la mayor proporci\u00f3n de EPA y DHA de todas las especies de pescado. Los Omega 6 y 9 proceden del aceite de borraja de los pa\u00edses mediterr\u00e1neos.<\/p>\n<p>Gracias a estos \u00e1cidos grasos, los niveles de colesterol \"bueno\" (LDL) y colesterol \"malo\" (LDL) se mantienen estables.<\/p>\n<p><strong>Vitamina K2<\/strong> es esencial para la salud \u00f3sea porque une at\u00f3micamente los iones de calcio y los lleva a los principales dep\u00f3sitos del organismo (huesos y dientes), previniendo y disolviendo la calcificaci\u00f3n de los vasos sangu\u00edneos. Adem\u00e1s, favorece el buen funcionamiento del cerebro y combate las enfermedades cardiacas.<\/p>\n<h2 class=\"laminina\">Coenzima Q10<\/h2>\n<p><strong>Coenzima Q10<\/strong> (CoQ10) es un potente antioxidante producido de forma natural por el organismo, que suele estar poco presente en las personas mayores y en las que padecen enfermedades cr\u00f3nicas. Este antioxidante contrarresta el estr\u00e9s oxidativo de los vasos sangu\u00edneos, causado por un exceso de radicales libres, lo que provoca un aumento de los niveles de estr\u00e9s y, por tanto, de los niveles de cortisol. La CoQ10 es, por tanto, esencial para la salud del coraz\u00f3n: refuerza los vasos sangu\u00edneos y los tejidos. La que contiene OMEGA++ se ve reforzada por una f\u00f3rmula de liberaci\u00f3n prolongada con efecto a largo plazo (<strong>Versi\u00f3n ampliada<\/strong>), que proporciona protecci\u00f3n contra los radicales libres durante 24 horas.<\/p>\n<p>La suplementaci\u00f3n con la f\u00f3rmula patentada OPT9 (extracto de \u00f3vulo aviar fecundado el noveno d\u00eda) distingue a este suplemento de todos los dem\u00e1s del mercado al estimular las c\u00e9lulas madre para reponer <strong>endotelio vascular<\/strong> si <strong>paredes de los vasos sangu\u00edneos<\/strong>.<\/p>\n<h3 class=\"laminina\">Ventajas de la administraci\u00f3n de Omega<\/h3>\n<p><strong>Ventajas de la administraci\u00f3n<\/strong>:<\/p>\n<ul>\n<li>Proporciona un flujo sangu\u00edneo \u00f3ptimo al cerebro, el coraz\u00f3n y otros tejidos.<\/li>\n<li>Permite una r\u00e1pida recuperaci\u00f3n tras el ejercicio u otras actividades.<\/li>\n<li>Previene y disuelve los dep\u00f3sitos de calcio y colesterol en las arterias, manteni\u00e9ndolas flexibles y aumentando la resistencia \u00f3sea.<\/li>\n<li>Favorece las funciones de memoria y aprendizaje.<\/li>\n<li>Mantiene niveles normales de colesterol y triglic\u00e9ridos.<\/li>\n<li>Aumentar los niveles de energ\u00eda.<\/li>\n<\/ul>\n<p>OMEGA +++ <strong>es el suplemento perfecto<\/strong> para el funcionamiento \u00f3ptimo y la mejora del sistema circulatorio y m\u00e1s all\u00e1.<\/p>\n<p>Se ha demostrado cient\u00edficamente que <strong>los efectos del producto se potencian significativamente<\/strong>cuando se administra en combinaci\u00f3n con <strong><a href=\"https:\/\/www.natural-stemcell.com\/es\/laminine\/\">LAMINA<\/a>\u00ae<\/strong>.<\/p>\n<p>Posolog\u00eda: se recomienda tomar 1-2 c\u00e1psulas al d\u00eda durante las comidas.<\/p>\n<div id=\"sc_title_1928225604\" class=\"sc_title color_style_default sc_title_default\">\n<h2 class=\"sc_item_title sc_title_title sc_align_center sc_item_title_style_default\" style=\"text-align: center;\">Asistencia constante.<\/h2>\n<\/div>\n<div class=\"vc_empty_space height_small\" style=\"text-align: center;\"><\/div>\n<div class=\"wpb_text_column wpb_content_element\">\n<div class=\"wpb_wrapper\">\n<p style=\"text-align: center;\">Asesoramiento y comentarios en tiempo real a trav\u00e9s de diversos medios de comunicaci\u00f3n.<br \/>\nPara cada problema hay varias soluciones.<br \/>\nS\u00f3lo hay que saber c\u00f3mo llegar a ellos.<\/p>\n<h4 style=\"text-align: center;\"><strong>Tel\u00e9fono: (+4) 0790 887 888<\/strong><\/h4>\n<\/div>\n<\/div>\n\n\t\t<\/div>\n\t<\/div>\n\n\t<div class=\"wpb_text_column wpb_content_element\" >\n\t\t<div class=\"wpb_wrapper\">\n\t\t\t<h4 style=\"text-align: center;\"><b>Todos los productos <a href=\"https:\/\/www.natural-stemcell.com\/es\/\">LIFEPHARM<\/a> tienen en su composici\u00f3n extracto de \u00f3vulo fecundado, \u00fanico patentado a nivel mundial.<\/b><\/h4>\n\n\t\t<\/div>\n\t<\/div>\n<\/div><\/div><\/div><\/div><\/div><\/div><div class=\"vc_row wpb_row vc_row-fluid\"><div class=\"container\"><div class=\"row\"><div class=\"wpb_column vc_column_container vc_col-sm-12\"><div class=\"vc_column-inner\"><div class=\"wpb_wrapper\">\n\t<div class=\"wpb_text_column wpb_content_element  laminina\" >\n\t\t<div class=\"wpb_wrapper\">\n\t\t\t<h3>Productos comercializados a precio de fabricante<\/h3>\n<ul class=\"dropdown-submenu\">\n<li class=\"menu-item menu-item-type-post_type menu-item-object-page menu-item-3670\"><a href=\"https:\/\/www.natural-stemcell.com\/es\/factorii-bioactivi-din-ou\/\">BIOFACTORES DEL HUEVO<\/a><\/li>\n<li class=\"menu-item menu-item-type-post_type menu-item-object-product current-menu-item menu-item-3663 active\"><a href=\"https:\/\/www.natural-stemcell.com\/es\/laminine\/\">LAMINA<\/a><\/li>\n<li class=\"menu-item menu-item-type-post_type menu-item-object-product menu-item-3662\"><a href=\"https:\/\/www.natural-stemcell.com\/es\/omega\/\">OMEGA+++<\/a><\/li>\n<li class=\"menu-item menu-item-type-post_type menu-item-object-product menu-item-3661\"><a href=\"https:\/\/www.natural-stemcell.com\/es\/digestive\/\">DIGESTIVO+++<\/a><\/li>\n<li class=\"menu-item menu-item-type-post_type menu-item-object-product menu-item-3660\"><a href=\"https:\/\/www.natural-stemcell.com\/es\/immune\/\">INMUNE+++<\/a><\/li>\n<li class=\"menu-item menu-item-type-post_type menu-item-object-product menu-item-3659\"><a href=\"https:\/\/www.natural-stemcell.com\/es\/omnia\/\">OMNIA<\/a><\/li>\n<li class=\"menu-item menu-item-type-post_type menu-item-object-product menu-item-3658\"><a href=\"https:\/\/www.natural-stemcell.com\/es\/lamiderm-apex\/\">LAMIDERM APEX<\/a><\/li>\n<li class=\"menu-item menu-item-type-post_type menu-item-object-product menu-item-3657\"><a href=\"https:\/\/www.natural-stemcell.com\/es\/refive\/\">REFIVE<\/a><\/li>\n<\/ul>\n\n\t\t<\/div>\n\t<\/div>\n<\/div><\/div><\/div><\/div><\/div><\/div><div class=\"vc_row wpb_row vc_row-fluid\"><div class=\"container\"><div class=\"row\"><div class=\"wpb_column vc_column_container vc_col-sm-12\"><div class=\"vc_column-inner\"><div class=\"wpb_wrapper\"><\/div><\/div><\/div><\/div><\/div><\/div>","protected":false},"excerpt":{"rendered":"<h3>OMEGA+++<\/h3>\n<p><strong>Suplemento nutricional biol\u00f3gicamente activo 100%<\/strong><\/p>\n<p>&nbsp;<\/p>\n<p>&nbsp;<\/p>\n<p>Precio del productor: <strong>a partir de 150 lei\/paquete (30 c\u00e1psulas)<\/strong><\/p>\n<p>&nbsp;<\/p>\n<p><a href=\"https:\/\/www.natural-stemcell.com\/es\/omega\/\">OMEGA +++ <\/a>LifePharm es un suplemento <strong>con ingredientes naturales<\/strong>que contiene la f\u00f3rmula patentada OPT9 <strong>LifePharm<\/strong> y est\u00e1 dise\u00f1ado para mantener y mejorar la salud general del sistema circulatorio. Su formulaci\u00f3n se compone tanto de \u00e1cidos grasos <strong>Omega (3, 6 y 9)<\/strong>y vitamina<strong> K2<\/strong>, <strong>CoQ10<\/strong> y <strong>extracto de \u00f3vulo fecundado<\/strong>.<\/p>\n<p>OMEGA++ es un suplemento \u00fanico en el mercado porque est\u00e1 enriquecido con la f\u00f3rmula patentada OPT9 que se basa en el extracto de huevo aviar fecundado de nueve d\u00edas, que estimula las c\u00e9lulas madre y gracias al cual cada uno de los dem\u00e1s ingredientes que lo componen puede realizar su propia acci\u00f3n.<br \/>\nLos omega 3, 6 y 9 ayudan a mantener niveles normales de colesterol \"bueno\" (HDL) y \"malo\" (LDL); la vitamina K2 evita que el calcio se adhiera a las arterias, dirigi\u00e9ndolo a los huesos y dientes; la CoQ10 de liberaci\u00f3n prolongada es un antioxidante muy potente que ayuda a contrarrestar el estr\u00e9s oxidativo en los vasos sangu\u00edneos. Adem\u00e1s, est\u00e1 mejorado con una f\u00f3rmula de liberaci\u00f3n prolongada (liberaci\u00f3n prolongada) con un efecto a largo plazo para la protecci\u00f3n contra los radicales libres que dura hasta 24 horas.<\/p>\n<p>Gracias a su composici\u00f3n, OMEGA++ aporta varios beneficios al sistema circulatorio: garantiza un flujo \u00f3ptimo al cerebro, el coraz\u00f3n y otros \u00f3rganos, reduce los niveles de colesterol, previene la acumulaci\u00f3n de calcio en las arterias, favorece la memoria, las funciones de aprendizaje y permite una r\u00e1pida recuperaci\u00f3n tras cualquier ejercicio f\u00edsico.<\/p>\n<p>Asesoramiento e informaci\u00f3n gratuitos - <a href=\"https:\/\/www.natural-stemcell.com\/es\/\"><strong>tratamiento complementario<\/strong><\/a> &#8211; <strong>\u00a0(+4) 0790 887 888<\/strong><\/p>\n<p>&nbsp;<\/p>\n<p>Para comprar\u00a0<strong>al precio adecuado<\/strong>, pulse el bot\u00f3n izquierdo\u00a0<strong>\"comprar a precio de fabricante\"<\/strong>, fijar el idioma<strong>\u00a0Romano<\/strong>\u00a0si tiene<strong>\u00a0productos al precio m\u00e1s bajo.<\/strong> Entrega<strong> m\u00e1x. 3 d\u00edas.<\/strong><\/p>\n<p>&nbsp;<\/p>\n<p>Asistencia permanente en\u00a0<strong>Servicios y productos de LifePharm<\/strong><strong>: (+4) 0790 887 888<\/strong><\/p>","protected":false},"featured_media":4231,"template":"","meta":[],"product_cat":[15],"product_tag":[],"_links":{"self":[{"href":"https:\/\/www.natural-stemcell.com\/es\/wp-json\/wp\/v2\/product\/3639"}],"collection":[{"href":"https:\/\/www.natural-stemcell.com\/es\/wp-json\/wp\/v2\/product"}],"about":[{"href":"https:\/\/www.natural-stemcell.com\/es\/wp-json\/wp\/v2\/types\/product"}],"wp:featuredmedia":[{"embeddable":true,"href":"https:\/\/www.natural-stemcell.com\/es\/wp-json\/wp\/v2\/media\/4231"}],"wp:attachment":[{"href":"https:\/\/www.natural-stemcell.com\/es\/wp-json\/wp\/v2\/media?parent=3639"}],"wp:term":[{"taxonomy":"product_cat","embeddable":true,"href":"https:\/\/www.natural-stemcell.com\/es\/wp-json\/wp\/v2\/product_cat?post=3639"},{"taxonomy":"product_tag","embeddable":true,"href":"https:\/\/www.natural-stemcell.com\/es\/wp-json\/wp\/v2\/product_tag?post=3639"}],"curies":[{"name":"wp","href":"https:\/\/api.w.org\/{rel}","templated":true}]}}