{"id":3828,"date":"2021-04-07T06:47:45","date_gmt":"2021-04-07T03:47:45","guid":{"rendered":"https:\/\/dianysmedia.info\/proiect2541b\/?page_id=3828"},"modified":"2021-04-07T06:47:45","modified_gmt":"2021-04-07T03:47:45","slug":"startup-de-afaceri","status":"publish","type":"page","link":"https:\/\/www.natural-stemcell.com\/es\/startup-de-afaceri\/","title":{"rendered":"Creaci\u00f3n de empresas"},"content":{"rendered":"<div class=\"vc_row wpb_row vc_row-fluid\"><div class=\"container\"><div class=\"row\"><div class=\"wpb_column vc_column_container vc_col-sm-12\"><div class=\"vc_column-inner\"><div class=\"wpb_wrapper\"><h3 style=\"font-size: 24px;text-align: center;font-family:Abril Fatface;font-weight:400;font-style:normal\" class=\"vc_custom_heading\" >Creaci\u00f3n de empresas<\/h3>\n<div class=\"vc-zigzag-wrapper vc_custom_1617767163090 vc-zigzag-align-center\"><div class=\"vc-zigzag-inner\" style=\"width: 100%;min-height: 14px;background: 0 repeat-x url(&#039;data:image\/svg+xml;utf-8,%3C%3Fxml%20version%3D%221.0%22%20encoding%3D%22utf-8%22%3F%3E%3C%21DOCTYPE%20svg%20PUBLIC%20%22-%2F%2FW3C%2F%2FDTD%20SVG%201.1%2F%2FEN%22%20%22http%3A%2F%2Fwww.w3.org%2FGraphics%2FSVG%2F1.1%2FDTD%2Fsvg11.dtd%22%3E%3Csvg%20width%3D%2214px%22%20height%3D%2212px%22%20viewBox%3D%220%200%2018%2015%22%20version%3D%221.1%22%20xmlns%3D%22http%3A%2F%2Fwww.w3.org%2F2000%2Fsvg%22%20xmlns%3Axlink%3D%22http%3A%2F%2Fwww.w3.org%2F1999%2Fxlink%22%3E%3Cpolygon%20id%3D%22Combined-Shape%22%20fill%3D%22%23ebebeb%22%20points%3D%228.98762301%200%200%209.12771969%200%2014.519983%209%205.40479869%2018%2014.519983%2018%209.12771969%22%3E%3C%2Fpolygon%3E%3C%2Fsvg%3E&#039;);\"><\/div><\/div><\/div><\/div><\/div><\/div><\/div><\/div><div class=\"vc_row wpb_row vc_row-fluid\"><div class=\"container\"><div class=\"row\"><div class=\"wpb_column vc_column_container vc_col-sm-6\"><div class=\"vc_column-inner\"><div class=\"wpb_wrapper\">\n\t<div class=\"wpb_text_column wpb_content_element\" >\n\t\t<div class=\"wpb_wrapper\">\n\t\t\t<p><strong>Bienvenido a Natural Stemcell by LifePharm<\/strong><\/p>\n<p>En nuestro equipo <strong>Terapias alternativas de LifePharm<\/strong> en LifePharm encontrar\u00e1 apoyo, organizaci\u00f3n y asistencia para su trayectoria profesional y su crecimiento.<\/p>\n<p>Pero vayamos directamente al grano. El sector en el que operamos es el de los complementos alimenticios, la salud, los suplementos diet\u00e9ticos y el bienestar.<\/p>\n<p>El mercado italiano es pr\u00f3spero y est\u00e1 en expansi\u00f3n. Italia lidera la cuota de mercado europea (23%), seguida de Alemania (13%), Francia (9%) y el Reino Unido (8%). En total, 32 millones de italianos utilizan complementos alimenticios. De ellos, unos 18 millones los consumen a diario. La mayor\u00eda de los consumidores, alrededor de 62,8%, tienen entre 35 y 64 a\u00f1os, mientras que 60,5% son mujeres.<\/p>\n<p>En Ruman\u00eda, seg\u00fan el Financial Journal de diciembre de 2016, el mercado de los complementos alimenticios y las vitaminas se ha duplicado en los \u00faltimos 5 a\u00f1os. Seg\u00fan las mismas fuentes, si en 2010 el valor del mercado era de 372,9 millones de lei, en 2015 alcanz\u00f3 los 659,4 millones de lei y llegar\u00e1 a los 930,6 millones de lei en 2021.<\/p>\n<p>\"Las vitaminas y los complementos alimenticios son uno de los sectores m\u00e1s din\u00e1micos en t\u00e9rminos de innovaci\u00f3n y lanzamiento de nuevos productos\", seg\u00fan un an\u00e1lisis de Euromonitor.<\/p>\n<p>Seg\u00fan los expertos, los complementos alimenticios pueden desempe\u00f1ar un papel importante en la compensaci\u00f3n de los costes sanitarios cuando se adoptan para reducir los factores de riesgo de patolog\u00edas espec\u00edficas con alto impacto socioecon\u00f3mico.<\/p>\n<p>Por tanto, el mercado ya existe, y es un mercado floreciente y en expansi\u00f3n; el sector de los complementos tambi\u00e9n se encuentra en un excelente estado de desarrollo en lo que respecta a la venta directa, un importante canal cuyo valor se estima en millones de euros, con perspectivas de duplicarse en los pr\u00f3ximos 5 a\u00f1os.<\/p>\n<p>Por un lado, estos datos ponen de relieve una creciente necesidad de un estilo de vida basado en la salud y el bienestar y, por otro, nos muestran que existe una oferta de productos innovadores y de calidad que, en conjunto, constituyen la condici\u00f3n necesaria para la consolidaci\u00f3n de este sector.<\/p>\n<p>El mercado del cuidado personal y el antienvejecimiento es un mercado que ha crecido enormemente en los \u00faltimos a\u00f1os y se espera que siga creciendo en los pr\u00f3ximos.<\/p>\n<p>Marco Tulio Cicer\u00f3n dijo: \"Nadie es tan viejo que no espere vivir otro a\u00f1o, y nadie es tan joven que est\u00e9 seguro de que vivir\u00e1 otro d\u00eda\".<\/p>\n\n\t\t<\/div>\n\t<\/div>\n<\/div><\/div><\/div><div class=\"wpb_column vc_column_container vc_col-sm-6\"><div class=\"vc_column-inner\"><div class=\"wpb_wrapper\">\n\t<div class=\"wpb_text_column wpb_content_element\" >\n\t\t<div class=\"wpb_wrapper\">\n\t\t\t<p>Nuestra empresa LifePharm (LP), fundada en 2011 y con sede en California, est\u00e1 especializada (\"nota bene\") en la producci\u00f3n de suplementos diet\u00e9ticos, por lo que es un fabricante especializado y no generalista como muchas empresas de marketing en red.<\/p>\n<p>LP se cre\u00f3 con el prop\u00f3sito de ofrecer la oportunidad de una existencia mejor, una vida tranquila, preferiblemente con buena salud, una forma de ganarse la vida y crear un legado vivo. El elemento principal que caracteriza toda la cadena de producci\u00f3n de LifePharm es un suplemento diet\u00e9tico natural 100% basado en el extracto de factores bioactivos de huevos de ave fecundados.<\/p>\n<p>Es la \u00fanica mezcla conocida de extracto de huevo y prote\u00edna org\u00e1nica capaz de reparar da\u00f1os en c\u00e9lulas, nervios y tejido muscular.<\/p>\n<p>Los suplementos que damos a la gente, en resumen, son los siguientes:<\/p>\n<p>- Lamininas (reducen el estr\u00e9s f\u00edsico y mental)<\/p>\n<p>- Omega +++++ (para ayudar y mantener la salud circulatoria)<\/p>\n<p>- Immune+++++ (aumenta la inmunidad)<\/p>\n<p>- Digestive+++++ (mejora el equilibrio de la flora intestinal)<\/p>\n<p>- Omnia (favorece la salud de la piel y mejora el aspecto del cabello y las u\u00f1as)<\/p>\n<p>- Lamiderm Apex - gel (revitaliza la elasticidad y firmeza de la piel)<\/p>\n<p>A excepci\u00f3n de Immune+++ y Digestive+++, los suplementos, incluido el gel antiedad, contienen factores de crecimiento bioactivos procedentes del huevo, este elemento hace que nuestros productos sean \u00fanicos e inigualables. La f\u00f3rmula patentada de Laminine\u00ae se llama OPT9\u2122.<\/p>\n<p>Esta f\u00f3rmula consta de tres (3) ingredientes: extracto de huevo de ave con factores de crecimiento bioactivos (FGF2), prote\u00edna vegetal y prote\u00edna marina. Los efectos positivos de Laminin\u00ae se encuentran en la memoria, la piel, la libido, la libido, la energ\u00eda, las articulaciones, los m\u00fasculos, el estr\u00e9s, el sue\u00f1o y la estabilidad emocional.<\/p>\n\n\t\t<\/div>\n\t<\/div>\n<\/div><\/div><\/div><\/div><\/div><\/div><div class=\"vc_row wpb_row vc_row-fluid\"><div class=\"container\"><div class=\"row\"><div class=\"wpb_column vc_column_container vc_col-sm-12\"><div class=\"vc_column-inner\"><div class=\"wpb_wrapper\">\n\t<div  class=\"wpb_single_image wpb_content_element vc_align_left\">\n\t\t\n\t\t<figure class=\"wpb_wrapper vc_figure\">\n\t\t\t<div class=\"vc_single_image-wrapper   vc_box_border_grey\"><img width=\"1900\" height=\"829\" src=\"https:\/\/www.natural-stemcell.com\/wp-content\/uploads\/2021\/04\/terapie-laminina.jpg\" class=\"vc_single_image-img attachment-full\" alt=\"terapie laminina\" decoding=\"async\" loading=\"lazy\" srcset=\"https:\/\/www.natural-stemcell.com\/wp-content\/uploads\/2021\/04\/terapie-laminina.jpg 1900w, https:\/\/www.natural-stemcell.com\/wp-content\/uploads\/2021\/04\/terapie-laminina-300x131.jpg 300w, https:\/\/www.natural-stemcell.com\/wp-content\/uploads\/2021\/04\/terapie-laminina-1024x447.jpg 1024w, https:\/\/www.natural-stemcell.com\/wp-content\/uploads\/2021\/04\/terapie-laminina-768x335.jpg 768w, https:\/\/www.natural-stemcell.com\/wp-content\/uploads\/2021\/04\/terapie-laminina-1536x670.jpg 1536w, https:\/\/www.natural-stemcell.com\/wp-content\/uploads\/2021\/04\/terapie-laminina-370x161.jpg 370w, https:\/\/www.natural-stemcell.com\/wp-content\/uploads\/2021\/04\/terapie-laminina-600x262.jpg 600w\" sizes=\"(max-width: 1900px) 100vw, 1900px\" \/><\/div>\n\t\t<\/figure>\n\t<\/div>\n<\/div><\/div><\/div><\/div><\/div><\/div>","protected":false},"excerpt":{"rendered":"Startup De Afaceri Bine a\u021bi venit la Natural Stemcell by LifePharm \u00cen echipa noastr\u0103 Natural Stemcell by LifePharm ve\u021bi g\u0103si sprijin, organizare \u0219i asisten\u021b\u0103 pentru calea \u0219i cre\u0219terea dvs. profesional\u0103 \u00een LifePharm. Dar s\u0103 trecem direct la acest aspect. Sectorul \u00een care ne desf\u0103\u0219ur\u0103m activitatea este cel al suplimentelor alimentare, al s\u0103n\u0103t\u0103\u021bii, al integratorilor alimentari&hellip;","protected":false},"author":1,"featured_media":0,"parent":0,"menu_order":0,"comment_status":"closed","ping_status":"closed","template":"","meta":[],"_links":{"self":[{"href":"https:\/\/www.natural-stemcell.com\/es\/wp-json\/wp\/v2\/pages\/3828"}],"collection":[{"href":"https:\/\/www.natural-stemcell.com\/es\/wp-json\/wp\/v2\/pages"}],"about":[{"href":"https:\/\/www.natural-stemcell.com\/es\/wp-json\/wp\/v2\/types\/page"}],"author":[{"embeddable":true,"href":"https:\/\/www.natural-stemcell.com\/es\/wp-json\/wp\/v2\/users\/1"}],"replies":[{"embeddable":true,"href":"https:\/\/www.natural-stemcell.com\/es\/wp-json\/wp\/v2\/comments?post=3828"}],"version-history":[{"count":0,"href":"https:\/\/www.natural-stemcell.com\/es\/wp-json\/wp\/v2\/pages\/3828\/revisions"}],"wp:attachment":[{"href":"https:\/\/www.natural-stemcell.com\/es\/wp-json\/wp\/v2\/media?parent=3828"}],"curies":[{"name":"wp","href":"https:\/\/api.w.org\/{rel}","templated":true}]}}