{"id":129,"date":"2017-11-28T08:26:45","date_gmt":"2017-11-28T08:26:45","guid":{"rendered":"http:\/\/demo2.drfuri.com\/martfury11\/?page_id=129"},"modified":"2021-07-09T13:36:35","modified_gmt":"2021-07-09T10:36:35","slug":"cine-suntem","status":"publish","type":"page","link":"https:\/\/www.natural-stemcell.com\/es\/cine-suntem\/","title":{"rendered":"Investigaci\u00f3n cient\u00edfica"},"content":{"rendered":"<div data-vc-full-width=\"true\" data-vc-full-width-init=\"false\" class=\"vc_row wpb_row vc_row-fluid vc_custom_1618912522397 vc_row-has-fill un-row-full-width\"><div class=\"container-fluid\"><div class=\"row\"><div class=\"wpb_column vc_column_container vc_col-sm-12\"><div class=\"vc_column-inner\"><div class=\"wpb_wrapper\"><h3 style=\"font-size: 23px;text-align: center\" class=\"vc_custom_heading\" >La certeza de los resultados proviene del esfuerzo realizado<\/h3><h3 style=\"font-size: 18px;text-align: center\" class=\"vc_custom_heading\" >NUESTRA INVESTIGACI\u00d3N CONTIN\u00daA<\/h3><\/div><\/div><\/div><\/div><\/div><\/div><div class=\"vc_row-full-width vc_clearfix\"><\/div><div class=\"vc_row wpb_row vc_row-fluid\"><div class=\"container\"><div class=\"row\"><div class=\"wpb_column vc_column_container vc_col-sm-2\"><div class=\"vc_column-inner\"><div class=\"wpb_wrapper\"><\/div><\/div><\/div><div class=\"wpb_column vc_column_container vc_col-sm-8\"><div class=\"vc_column-inner\"><div class=\"wpb_wrapper\"><div class=\"vc_row wpb_row vc_inner vc_row-fluid vc_custom_1618912598004\"><div class=\"wpb_column vc_column_container vc_col-sm-6\"><div class=\"vc_column-inner\"><div class=\"wpb_wrapper\">\n\t<div class=\"wpb_text_column wpb_content_element\" >\n\t\t<div class=\"wpb_wrapper\">\n\t\t\t<h3 class=\"font-weight-bold\">Resultados cl\u00ednicamente probados<\/h3>\n<p class=\"mb-2\">Nuestra rigurosa investigaci\u00f3n cient\u00edfica en LifePharm incluye:<\/p>\n<ul class=\"pl-3\">\n<li class=\"mb-2\">Investigar las relaciones entre la dieta, la salud, el metabolismo y la funci\u00f3n celular.<\/li>\n<li class=\"mb-2\">Comprar los ingredientes de mayor calidad disponibles en el mercado.<\/li>\n<li class=\"mb-2\">Pruebas exhaustivas de todos los nutrientes para comprobar su seguridad y eficacia, sinergia e impacto biol\u00f3gico.<\/li>\n<\/ul>\n\n\t\t<\/div>\n\t<\/div>\n<\/div><\/div><\/div><div class=\"wpb_column vc_column_container vc_col-sm-6\"><div class=\"vc_column-inner\"><div class=\"wpb_wrapper\">\n\t<div  class=\"wpb_single_image wpb_content_element vc_align_left\">\n\t\t\n\t\t<figure class=\"wpb_wrapper vc_figure\">\n\t\t\t<div class=\"vc_single_image-wrapper   vc_box_border_grey\"><img width=\"629\" height=\"547\" src=\"https:\/\/www.natural-stemcell.com\/wp-content\/uploads\/2021\/04\/block-img.jpg\" class=\"vc_single_image-img attachment-full\" alt=\"cercetare laminina\" decoding=\"async\" loading=\"lazy\" srcset=\"https:\/\/www.natural-stemcell.com\/wp-content\/uploads\/2021\/04\/block-img.jpg 629w, https:\/\/www.natural-stemcell.com\/wp-content\/uploads\/2021\/04\/block-img-300x261.jpg 300w, https:\/\/www.natural-stemcell.com\/wp-content\/uploads\/2021\/04\/block-img-370x322.jpg 370w, https:\/\/www.natural-stemcell.com\/wp-content\/uploads\/2021\/04\/block-img-600x522.jpg 600w\" sizes=\"(max-width: 629px) 100vw, 629px\" \/><\/div>\n\t\t<\/figure>\n\t<\/div>\n<\/div><\/div><\/div><\/div>\n\t<div class=\"wpb_text_column wpb_content_element\" >\n\t\t<div class=\"wpb_wrapper\">\n\t\t\t<p style=\"text-align: center;\"><strong>Nuestros productos se fabrican en Estados Unidos y se prueban cl\u00ednicamente en instalaciones aprobadas por la NSF, las cGMP y la FDA. Las siguientes publicaciones y presentaciones demuestran los beneficios de estas maravillas tecnol\u00f3gicas y la credibilidad de la empresa:<\/strong><\/p>\n\n\t\t<\/div>\n\t<\/div>\n<div class=\"vc_row wpb_row vc_inner vc_row-fluid vc_custom_1618913119572 vc_row-has-fill\"><div class=\"wpb_column vc_column_container vc_col-sm-4\"><div class=\"vc_column-inner\"><div class=\"wpb_wrapper\">\n\t<div  class=\"wpb_single_image wpb_content_element vc_align_left\">\n\t\t\n\t\t<figure class=\"wpb_wrapper vc_figure\">\n\t\t\t<div class=\"vc_single_image-wrapper   vc_box_border_grey\"><img width=\"236\" height=\"145\" src=\"https:\/\/www.natural-stemcell.com\/wp-content\/uploads\/2021\/04\/5.png\" class=\"vc_single_image-img attachment-full\" alt=\"parteneri laminina\" decoding=\"async\" loading=\"lazy\" \/><\/div>\n\t\t<\/figure>\n\t<\/div>\n<\/div><\/div><\/div><div class=\"wpb_column vc_column_container vc_col-sm-4\"><div class=\"vc_column-inner\"><div class=\"wpb_wrapper\">\n\t<div  class=\"wpb_single_image wpb_content_element vc_align_left\">\n\t\t\n\t\t<figure class=\"wpb_wrapper vc_figure\">\n\t\t\t<div class=\"vc_single_image-wrapper   vc_box_border_grey\"><img width=\"236\" height=\"145\" src=\"https:\/\/www.natural-stemcell.com\/wp-content\/uploads\/2021\/04\/4.png\" class=\"vc_single_image-img attachment-full\" alt=\"terapii laminine\" decoding=\"async\" loading=\"lazy\" \/><\/div>\n\t\t<\/figure>\n\t<\/div>\n<\/div><\/div><\/div><div class=\"wpb_column vc_column_container vc_col-sm-4\"><div class=\"vc_column-inner\"><div class=\"wpb_wrapper\">\n\t<div  class=\"wpb_single_image wpb_content_element vc_align_left\">\n\t\t\n\t\t<figure class=\"wpb_wrapper vc_figure\">\n\t\t\t<div class=\"vc_single_image-wrapper   vc_box_border_grey\"><img width=\"236\" height=\"145\" src=\"https:\/\/www.natural-stemcell.com\/wp-content\/uploads\/2021\/04\/3.png\" class=\"vc_single_image-img attachment-full\" alt=\"terapii laminine\" decoding=\"async\" loading=\"lazy\" \/><\/div>\n\t\t<\/figure>\n\t<\/div>\n<\/div><\/div><\/div><\/div><div class=\"vc_row wpb_row vc_inner vc_row-fluid vc_custom_1618912923828 vc_row-has-fill\"><div class=\"wpb_column vc_column_container vc_col-sm-4\"><div class=\"vc_column-inner\"><div class=\"wpb_wrapper\">\n\t<div  class=\"wpb_single_image wpb_content_element vc_align_left\">\n\t\t\n\t\t<figure class=\"wpb_wrapper vc_figure\">\n\t\t\t<div class=\"vc_single_image-wrapper   vc_box_border_grey\"><\/div>\n\t\t<\/figure>\n\t<\/div>\n<\/div><\/div><\/div><div class=\"wpb_column vc_column_container vc_col-sm-4\"><div class=\"vc_column-inner\"><div class=\"wpb_wrapper\">\n\t<div  class=\"wpb_single_image wpb_content_element vc_align_left\">\n\t\t\n\t\t<figure class=\"wpb_wrapper vc_figure\">\n\t\t\t<div class=\"vc_single_image-wrapper   vc_box_border_grey\"><img width=\"236\" height=\"145\" src=\"https:\/\/www.natural-stemcell.com\/wp-content\/uploads\/2021\/04\/2.png\" class=\"vc_single_image-img attachment-full\" alt=\"terapii laminine\" decoding=\"async\" loading=\"lazy\" \/><\/div>\n\t\t<\/figure>\n\t<\/div>\n<\/div><\/div><\/div><div class=\"wpb_column vc_column_container vc_col-sm-4\"><div class=\"vc_column-inner\"><div class=\"wpb_wrapper\"><\/div><\/div><\/div><\/div><\/div><\/div><\/div><div class=\"wpb_column vc_column_container vc_col-sm-2\"><div class=\"vc_column-inner\"><div class=\"wpb_wrapper\"><\/div><\/div><\/div><\/div><\/div><\/div><div class=\"vc_row wpb_row vc_row-fluid vc_custom_1618913573673\"><div class=\"container\"><div class=\"row\"><div class=\"wpb_column vc_column_container vc_col-sm-12\"><div class=\"vc_column-inner\"><div class=\"wpb_wrapper\">\n\t<div class=\"wpb_text_column wpb_content_element\" >\n\t\t<div class=\"wpb_wrapper\">\n\t\t\t<h3 style=\"text-align: center;\"><strong>Estudios publicados en revistas m\u00e9dicas<\/strong><\/h3>\n\n\t\t<\/div>\n\t<\/div>\n<div class=\"vc_row wpb_row vc_inner vc_row-fluid\"><div class=\"wpb_column vc_column_container vc_col-sm-3\"><div class=\"vc_column-inner\"><div class=\"wpb_wrapper\">\n\t<div  class=\"wpb_single_image wpb_content_element vc_align_left\">\n\t\t\n\t\t<figure class=\"wpb_wrapper vc_figure\">\n\t\t\t<div class=\"vc_single_image-wrapper   vc_box_border_grey\"><img width=\"250\" height=\"210\" src=\"https:\/\/www.natural-stemcell.com\/wp-content\/uploads\/2021\/04\/1-1.png\" class=\"vc_single_image-img attachment-full\" alt=\"terapii laminine\" decoding=\"async\" loading=\"lazy\" \/><\/div>\n\t\t<\/figure>\n\t<\/div>\n\n\t<div class=\"wpb_text_column wpb_content_element\" >\n\t\t<div class=\"wpb_wrapper\">\n\t\t\t<p style=\"text-align: center;\"><strong>Journal of the American College of Nutrition, 2018 American College of Nutrition 59. Conferencia anual sobre nutrici\u00f3n personalizada Translating NutriGenomics Science into Practice, noviembre de 2018 Seattle, WA<\/strong><\/p>\n\n\t\t<\/div>\n\t<\/div>\n<\/div><\/div><\/div><div class=\"wpb_column vc_column_container vc_col-sm-3\"><div class=\"vc_column-inner\"><div class=\"wpb_wrapper\">\n\t<div  class=\"wpb_single_image wpb_content_element vc_align_left\">\n\t\t\n\t\t<figure class=\"wpb_wrapper vc_figure\">\n\t\t\t<div class=\"vc_single_image-wrapper   vc_box_border_grey\"><img width=\"250\" height=\"210\" src=\"https:\/\/www.natural-stemcell.com\/wp-content\/uploads\/2021\/04\/2-1.png\" class=\"vc_single_image-img attachment-full\" alt=\"terapii laminine\" decoding=\"async\" loading=\"lazy\" \/><\/div>\n\t\t<\/figure>\n\t<\/div>\n\n\t<div class=\"wpb_text_column wpb_content_element\" >\n\t\t<div class=\"wpb_wrapper\">\n\t\t\t<p style=\"text-align: center;\"><strong>PDR (referencia de los m\u00e9dicos), 2015-2018<\/strong><\/p>\n\n\t\t<\/div>\n\t<\/div>\n<\/div><\/div><\/div><div class=\"wpb_column vc_column_container vc_col-sm-3\"><div class=\"vc_column-inner\"><div class=\"wpb_wrapper\">\n\t<div  class=\"wpb_single_image wpb_content_element vc_align_left\">\n\t\t\n\t\t<figure class=\"wpb_wrapper vc_figure\">\n\t\t\t<div class=\"vc_single_image-wrapper   vc_box_border_grey\"><img width=\"250\" height=\"210\" src=\"https:\/\/www.natural-stemcell.com\/wp-content\/uploads\/2021\/04\/3-1.png\" class=\"vc_single_image-img attachment-full\" alt=\"terapii laminine\" decoding=\"async\" loading=\"lazy\" \/><\/div>\n\t\t<\/figure>\n\t<\/div>\n\n\t<div class=\"wpb_text_column wpb_content_element\" >\n\t\t<div class=\"wpb_wrapper\">\n\t\t\t<p style=\"text-align: center;\"><strong>Investigaci\u00f3n actual del sistema ortop\u00e9dico y muscular 2017 6: 3 (suplemento).<\/strong><\/p>\n\n\t\t<\/div>\n\t<\/div>\n<\/div><\/div><\/div><div class=\"wpb_column vc_column_container vc_col-sm-3\"><div class=\"vc_column-inner\"><div class=\"wpb_wrapper\">\n\t<div  class=\"wpb_single_image wpb_content_element vc_align_left\">\n\t\t\n\t\t<figure class=\"wpb_wrapper vc_figure\">\n\t\t\t<div class=\"vc_single_image-wrapper   vc_box_border_grey\"><img width=\"250\" height=\"210\" src=\"https:\/\/www.natural-stemcell.com\/wp-content\/uploads\/2021\/04\/1-1.png\" class=\"vc_single_image-img attachment-full\" alt=\"terapii laminine\" decoding=\"async\" loading=\"lazy\" \/><\/div>\n\t\t<\/figure>\n\t<\/div>\n\n\t<div class=\"wpb_text_column wpb_content_element\" >\n\t\t<div class=\"wpb_wrapper\">\n\t\t\t<p style=\"text-align: center;\"><strong>Journal of the American College of Nutrition, 2016 American College of Nutrition 57th Annual Conference Translational Nutrition: The Science of Personalized Nutrition, Nov. 2016, San Diego, CA.<\/strong><\/p>\n\n\t\t<\/div>\n\t<\/div>\n<\/div><\/div><\/div><\/div><div class=\"vc_row wpb_row vc_inner vc_row-fluid\"><div class=\"wpb_column vc_column_container vc_col-sm-3\"><div class=\"vc_column-inner\"><div class=\"wpb_wrapper\">\n\t<div  class=\"wpb_single_image wpb_content_element vc_align_left\">\n\t\t\n\t\t<figure class=\"wpb_wrapper vc_figure\">\n\t\t\t<div class=\"vc_single_image-wrapper   vc_box_border_grey\"><img width=\"250\" height=\"210\" src=\"https:\/\/www.natural-stemcell.com\/wp-content\/uploads\/2021\/04\/8.png\" class=\"vc_single_image-img attachment-full\" alt=\"terapii laminine\" decoding=\"async\" loading=\"lazy\" \/><\/div>\n\t\t<\/figure>\n\t<\/div>\n\n\t<div class=\"wpb_text_column wpb_content_element\" >\n\t\t<div class=\"wpb_wrapper\">\n\t\t\t<p style=\"text-align: center;\"><strong>7\u00aa Conferencia Internacional sobre Medicina Predictiva, Preventiva y Personalizada y Diagn\u00f3stico Molecular, Chicago, 10\/2017<\/strong><\/p>\n\n\t\t<\/div>\n\t<\/div>\n<\/div><\/div><\/div><div class=\"wpb_column vc_column_container vc_col-sm-3\"><div class=\"vc_column-inner\"><div class=\"wpb_wrapper\">\n\t<div  class=\"wpb_single_image wpb_content_element vc_align_left\">\n\t\t\n\t\t<figure class=\"wpb_wrapper vc_figure\">\n\t\t\t<div class=\"vc_single_image-wrapper   vc_box_border_grey\"><img width=\"250\" height=\"210\" src=\"https:\/\/www.natural-stemcell.com\/wp-content\/uploads\/2021\/04\/7.png\" class=\"vc_single_image-img attachment-full\" alt=\"terapie laminina\" decoding=\"async\" loading=\"lazy\" \/><\/div>\n\t\t<\/figure>\n\t<\/div>\n\n\t<div class=\"wpb_text_column wpb_content_element\" >\n\t\t<div class=\"wpb_wrapper\">\n\t\t\t<p style=\"text-align: center;\"><strong>Dermatolog\u00eda cl\u00ednica y experimental, 6\/2017<\/strong><\/p>\n\n\t\t<\/div>\n\t<\/div>\n<\/div><\/div><\/div><div class=\"wpb_column vc_column_container vc_col-sm-3\"><div class=\"vc_column-inner\"><div class=\"wpb_wrapper\">\n\t<div  class=\"wpb_single_image wpb_content_element vc_align_left\">\n\t\t\n\t\t<figure class=\"wpb_wrapper vc_figure\">\n\t\t\t<div class=\"vc_single_image-wrapper   vc_box_border_grey\"><img width=\"250\" height=\"210\" src=\"https:\/\/www.natural-stemcell.com\/wp-content\/uploads\/2021\/04\/6.png\" class=\"vc_single_image-img attachment-full\" alt=\"terapie laminina\" decoding=\"async\" loading=\"lazy\" \/><\/div>\n\t\t<\/figure>\n\t<\/div>\n\n\t<div class=\"wpb_text_column wpb_content_element\" >\n\t\t<div class=\"wpb_wrapper\">\n\t\t\t<p style=\"text-align: center;\"><strong>18\u00ba Congreso Europeo de Diabetes, 2016<\/strong><\/p>\n\n\t\t<\/div>\n\t<\/div>\n<\/div><\/div><\/div><div class=\"wpb_column vc_column_container vc_col-sm-3\"><div class=\"vc_column-inner\"><div class=\"wpb_wrapper\">\n\t<div  class=\"wpb_single_image wpb_content_element vc_align_left\">\n\t\t\n\t\t<figure class=\"wpb_wrapper vc_figure\">\n\t\t\t<div class=\"vc_single_image-wrapper   vc_box_border_grey\"><img width=\"250\" height=\"210\" src=\"https:\/\/www.natural-stemcell.com\/wp-content\/uploads\/2021\/04\/5-1.png\" class=\"vc_single_image-img attachment-full\" alt=\"terapie laminina\" decoding=\"async\" loading=\"lazy\" \/><\/div>\n\t\t<\/figure>\n\t<\/div>\n\n\t<div class=\"wpb_text_column wpb_content_element\" >\n\t\t<div class=\"wpb_wrapper\">\n\t\t\t<p style=\"text-align: center;\"><strong>14\u00ba Simposio de Dermatolog\u00eda Costera de la Academia Global de Educaci\u00f3n M\u00e9dica, 10\/2018<\/strong><\/p>\n\n\t\t<\/div>\n\t<\/div>\n<\/div><\/div><\/div><\/div><\/div><\/div><\/div><\/div><\/div><\/div><div class=\"vc_row wpb_row vc_row-fluid vc_custom_1618913573673\"><div class=\"container\"><div class=\"row\"><div class=\"wpb_column vc_column_container vc_col-sm-12\"><div class=\"vc_column-inner\"><div class=\"wpb_wrapper\">\n\t<div class=\"wpb_text_column wpb_content_element\" >\n\t\t<div class=\"wpb_wrapper\">\n\t\t\t<h3 style=\"text-align: center;\"><strong>INVESTIGACI\u00d3N CIENT\u00cdFICA<\/strong><\/h3>\n<ul>\n<li><strong><a href=\"https:\/\/www.pdr.net\/full-prescribing-information\/Laminine-fertilized-avian-egg-extract-marine-protein-phyto-protein-3591\">https:\/\/www.pdr.net\/full-prescribing-information\/Laminine-fertilized-avian-egg-extract-marine-protein-phyto-protein-3591<\/a><\/strong><\/li>\n<li><strong><a href=\"https:\/\/cdn.shopify.com\/s\/files\/1\/0648\/3805\/files\/Stress-Response-Study.pdf?4533\">https:\/\/cdn.shopify.com\/s\/files\/1\/0648\/3805\/files\/Stress-Response-Study.pdf?4533<\/a><\/strong><\/li>\n<li><strong><a href=\"https:\/\/cdn.shopify.com\/s\/files\/1\/0648\/3805\/files\/Lowering-Depression-Study.pdf?4533\">https:\/\/cdn.shopify.com\/s\/files\/1\/0648\/3805\/files\/Lowering-Depression-Study.pdf?4533<\/a><\/strong><\/li>\n<li><strong><a href=\"https:\/\/cdn.shopify.com\/s\/files\/1\/0648\/3805\/files\/Sexual-Desire-Study.pdf?4533\">https:\/\/cdn.shopify.com\/s\/files\/1\/0648\/3805\/files\/Sexual-Desire-Study.pdf?4533<\/a><\/strong><\/li>\n<li><strong>Estudio sobre la protecci\u00f3n de los tel\u00f3meros en la administraci\u00f3n de Laminina, disminuyendo la tasa de acortamiento y ralentizando el proceso de envejecimiento de los tejidos:\u00a0 <\/strong><strong><a href=\"https:\/\/www.youtube.com\/watch?v=xFWPcGw1nyg&amp;feature=youtu.be&amp;fbclid=IwAR3oVBdDaPsyyqreCSTxECCEX2ft5UuP5vIgngZnMAJUwZEetCeUNKdSbCg\" target=\"_blank\" rel=\"noopener nofollow\" data-ft=\"{&quot;tn&quot;:&quot;-U&quot;}\" data-lynx-mode=\"async\" data-lynx-uri=\"https:\/\/l.facebook.com\/l.php?u=https%3A%2F%2Fwww.youtube.com%2Fwatch%3Fv%3DxFWPcGw1nyg%26feature%3Dyoutu.be%26fbclid%3DIwAR3oVBdDaPsyyqreCSTxECCEX2ft5UuP5vIgngZnMAJUwZEetCeUNKdSbCg&amp;h=AT3ivFgd7OxJAiIJY7WFad9SZSQxZHRWGNWFq8cWeZd0WOPC7uAuWv1z7DH6v6z1bLyDjIqxE5Av982XDnjELjCsMG3eFGG3DMaJn5QZtLuH6EAJFAXX__r4xIskNe9yUvjqg4hrLgkvt_8DWPjWP3j0uYIPlaa2tZ1wht3QxdWMe3RF-tKJtTZlOITlVUvCgYGka2uKWlAvNcwxtxyqtJX1aS_m5bk0DPL8joTtCNq89Im5ITm8zPE0DmJ8ZnabO7QnejLvPUJFCSgsX9DAN22Dkoa8nlW7iwrjGDhbF3jWe0PtM9K6-zuwdu5AWEz68I4oaXP-GzUj48-NoGJN5zOz2L2YdiZcdDOilNLEOueJoTyoni5p0pJSoFhRlAcOZlkzVpjn-Iw99A8-_cqSfmyXvf3C01XAwL3DBRfH4LFzBJcvwH7rjr4_k4jD0IOMiiAhPA5iZxx-wFSILLQqhF0BXGZudkScnwmplXBymaz7ppnsZeO7pRqAvCQZFamVBHeIPkgbHp99HQ8L8VRa9gr24wbARMpEe4mYsegdHMZacC0qGMyPIz3RBbSGjjG8OJqCl4idkfw14Yorg7y4xvkZ1DRSypKD1xGJ4-OCsqBLB04Of-UNya8oo8uNTJtS42823sJe\">https:\/\/www.youtube.com\/watch?v=xFWPcGw1nyg&amp;feature=youtu.be\u00a0<\/a><\/strong><\/li>\n<\/ul>\n\n\t\t<\/div>\n\t<\/div>\n<\/div><\/div><\/div><\/div><\/div><\/div>","protected":false},"excerpt":{"rendered":"La seguridad de los resultados proviene del esfuerzo puesto en NUESTRA CONTINUA INVESTIGACI\u00d3N Resultados cl\u00ednicamente probados Nuestra rigurosa investigaci\u00f3n cient\u00edfica en LifePharm incluye:Investigar las relaciones entre dieta, salud, metabolismo y funci\u00f3n celular. Adquisici\u00f3n de los ingredientes de mayor calidad disponibles en el mercado. Pruebas exhaustivas de seguridad y eficacia, sinergia e impacto biol\u00f3gico de todos los nutrientes. Nuestros productos son...","protected":false},"author":1,"featured_media":0,"parent":0,"menu_order":0,"comment_status":"closed","ping_status":"closed","template":"template-full-width.php","meta":[],"_links":{"self":[{"href":"https:\/\/www.natural-stemcell.com\/es\/wp-json\/wp\/v2\/pages\/129"}],"collection":[{"href":"https:\/\/www.natural-stemcell.com\/es\/wp-json\/wp\/v2\/pages"}],"about":[{"href":"https:\/\/www.natural-stemcell.com\/es\/wp-json\/wp\/v2\/types\/page"}],"author":[{"embeddable":true,"href":"https:\/\/www.natural-stemcell.com\/es\/wp-json\/wp\/v2\/users\/1"}],"replies":[{"embeddable":true,"href":"https:\/\/www.natural-stemcell.com\/es\/wp-json\/wp\/v2\/comments?post=129"}],"version-history":[{"count":2,"href":"https:\/\/www.natural-stemcell.com\/es\/wp-json\/wp\/v2\/pages\/129\/revisions"}],"predecessor-version":[{"id":4180,"href":"https:\/\/www.natural-stemcell.com\/es\/wp-json\/wp\/v2\/pages\/129\/revisions\/4180"}],"wp:attachment":[{"href":"https:\/\/www.natural-stemcell.com\/es\/wp-json\/wp\/v2\/media?parent=129"}],"curies":[{"name":"wp","href":"https:\/\/api.w.org\/{rel}","templated":true}]}}