{"id":3828,"date":"2021-04-07T06:47:45","date_gmt":"2021-04-07T03:47:45","guid":{"rendered":"https:\/\/dianysmedia.info\/proiect2541b\/?page_id=3828"},"modified":"2021-04-07T06:47:45","modified_gmt":"2021-04-07T03:47:45","slug":"startup-de-afaceri","status":"publish","type":"page","link":"https:\/\/www.natural-stemcell.com\/en\/startup-de-afaceri\/","title":{"rendered":"Startup Business"},"content":{"rendered":"<div class=\"vc_row wpb_row vc_row-fluid\"><div class=\"container\"><div class=\"row\"><div class=\"wpb_column vc_column_container vc_col-sm-12\"><div class=\"vc_column-inner\"><div class=\"wpb_wrapper\"><h3 style=\"font-size: 24px;text-align: center;font-family:Abril Fatface;font-weight:400;font-style:normal\" class=\"vc_custom_heading\" >Startup Business<\/h3>\n<div class=\"vc-zigzag-wrapper vc_custom_1617767163090 vc-zigzag-align-center\"><div class=\"vc-zigzag-inner\" style=\"width: 100%;min-height: 14px;background: 0 repeat-x url(&#039;data:image\/svg+xml;utf-8,%3C%3Fxml%20version%3D%221.0%22%20encoding%3D%22utf-8%22%3F%3E%3C%21DOCTYPE%20svg%20PUBLIC%20%22-%2F%2FW3C%2F%2FDTD%20SVG%201.1%2F%2FEN%22%20%22http%3A%2F%2Fwww.w3.org%2FGraphics%2FSVG%2F1.1%2FDTD%2Fsvg11.dtd%22%3E%3Csvg%20width%3D%2214px%22%20height%3D%2212px%22%20viewBox%3D%220%200%2018%2015%22%20version%3D%221.1%22%20xmlns%3D%22http%3A%2F%2Fwww.w3.org%2F2000%2Fsvg%22%20xmlns%3Axlink%3D%22http%3A%2F%2Fwww.w3.org%2F1999%2Fxlink%22%3E%3Cpolygon%20id%3D%22Combined-Shape%22%20fill%3D%22%23ebebeb%22%20points%3D%228.98762301%200%200%209.12771969%200%2014.519983%209%205.40479869%2018%2014.519983%2018%209.12771969%22%3E%3C%2Fpolygon%3E%3C%2Fsvg%3E&#039;);\"><\/div><\/div><\/div><\/div><\/div><\/div><\/div><\/div><div class=\"vc_row wpb_row vc_row-fluid\"><div class=\"container\"><div class=\"row\"><div class=\"wpb_column vc_column_container vc_col-sm-6\"><div class=\"vc_column-inner\"><div class=\"wpb_wrapper\">\n\t<div class=\"wpb_text_column wpb_content_element\" >\n\t\t<div class=\"wpb_wrapper\">\n\t\t\t<p><strong>Welcome to Natural Stemcell by LifePharm<\/strong><\/p>\n<p>In our team <strong>Alternative Therapies by LifePharm<\/strong> you will find support, organization and assistance for your professional path and growth in LifePharm.<\/p>\n<p>But let's get straight to the point. The sector in which we operate is dietary supplements, health, food supplements and wellness.<\/p>\n<p>The Italian market is thriving and expanding, with Italy leading the European market share (23%), followed by Germany (13%), France (9%) and the UK (8%). In total, 32 million Italians use food supplements. Of these, around 18 million use them every day. The majority of users, some 62.8%, are aged between 35 and 64, while 60.5% are women.<\/p>\n<p>In Romania according to the Financial Journal in December 2016, the market for dietary supplements and vitamins doubled in the last 5 years. According to the same sources, if in 2010 the market value was 372.9 million lei, in 2015 it reached 659.4 million lei and will reach 930.6 million lei in 2021.<\/p>\n<p>\"Vitamins and food supplements are one of the most dynamic sectors in terms of innovation and new product launches,\" according to a Euromonitor analysis.<\/p>\n<p>According to experts, dietary supplements can play an important role in making up health care costs when adopted to reduce risk factors for specific pathologies with high socio-economic impact.<\/p>\n<p>Therefore, the market already exists, and it is a thriving and booming market, the supplements sector is also in a state of excellent development in terms of direct sales, an important channel worth an estimated millions of euros, with prospects of doubling in the next 5 years.<\/p>\n<p>On the one hand, these data point to a growing need for a lifestyle based on health and well-being, and on the other hand, they show us that there is a range of innovative and quality products on offer, which together constitute the necessary condition for strengthening this sector.<\/p>\n<p>The personal care and anti-aging market is a market that has grown enormously in recent years and is expected to grow further in the coming years.<\/p>\n<p>Marcus Tullius Cicero said: \"No one is so old that he does not hope to live another year, and no one is so young that he is sure to live another day.\"<\/p>\n\n\t\t<\/div>\n\t<\/div>\n<\/div><\/div><\/div><div class=\"wpb_column vc_column_container vc_col-sm-6\"><div class=\"vc_column-inner\"><div class=\"wpb_wrapper\">\n\t<div class=\"wpb_text_column wpb_content_element\" >\n\t\t<div class=\"wpb_wrapper\">\n\t\t\t<p>Our company LifePharm (LP), founded in 2011, headquartered in California, specializes (\"nota bene\") in producing dietary supplements, which is why it is a specialized manufacturer and not a generalist like many network marketing companies.<\/p>\n<p>LP was created with the purpose of providing the opportunity for a better existence, a peaceful life, preferably in good health, a way to earn a living and create a living legacy. The main element that characterizes the entire LifePharm production chain is a natural dietary supplement 100% based on the extract of bioactive factors from fertilized avian eggs.<\/p>\n<p>It is the only known blend of egg extract and organic proteins capable of repairing damage to cells, nerves and muscle tissue.<\/p>\n<p>The supplements we offer people, in short, are as follows:<\/p>\n<p>- Laminins (reduces physical and mental stress)<\/p>\n<p>- Omega +++++ (to help and maintain circulatory health)<\/p>\n<p>- Immune+++++ (boost immunity)<\/p>\n<p>- Digestive+++++ (improves gut flora balance)<\/p>\n<p>- Omnia (supports skin health and improves the appearance of hair and nails)<\/p>\n<p>- Lamiderm Apex - gel (revitalizes skin elasticity and firmness)<\/p>\n<p>With the exception of Immune+++ and Digestive+++, the supplements, including the anti-aging gel, contain bioactive growth factors from the egg, this element makes our products unique and unrivaled. The proprietary formula in Laminine\u00ae is called OPT9\u2122.<\/p>\n<p>This formula consists of three (3) ingredients: Avian Egg Extract with Bioactive Growth Factors (FGF2), Plant Protein and Marine Protein. The positive effects of Laminin\u00ae are found on memory, skin, libido, libido, energy, joints, muscles, stress, sleep and emotional stability.<\/p>\n\n\t\t<\/div>\n\t<\/div>\n<\/div><\/div><\/div><\/div><\/div><\/div><div class=\"vc_row wpb_row vc_row-fluid\"><div class=\"container\"><div class=\"row\"><div class=\"wpb_column vc_column_container vc_col-sm-12\"><div class=\"vc_column-inner\"><div class=\"wpb_wrapper\">\n\t<div  class=\"wpb_single_image wpb_content_element vc_align_left\">\n\t\t\n\t\t<figure class=\"wpb_wrapper vc_figure\">\n\t\t\t<div class=\"vc_single_image-wrapper   vc_box_border_grey\"><img width=\"1900\" height=\"829\" src=\"https:\/\/www.natural-stemcell.com\/wp-content\/uploads\/2021\/04\/terapie-laminina.jpg\" class=\"vc_single_image-img attachment-full\" alt=\"terapie laminina\" decoding=\"async\" loading=\"lazy\" srcset=\"https:\/\/www.natural-stemcell.com\/wp-content\/uploads\/2021\/04\/terapie-laminina.jpg 1900w, https:\/\/www.natural-stemcell.com\/wp-content\/uploads\/2021\/04\/terapie-laminina-300x131.jpg 300w, https:\/\/www.natural-stemcell.com\/wp-content\/uploads\/2021\/04\/terapie-laminina-1024x447.jpg 1024w, https:\/\/www.natural-stemcell.com\/wp-content\/uploads\/2021\/04\/terapie-laminina-768x335.jpg 768w, https:\/\/www.natural-stemcell.com\/wp-content\/uploads\/2021\/04\/terapie-laminina-1536x670.jpg 1536w, https:\/\/www.natural-stemcell.com\/wp-content\/uploads\/2021\/04\/terapie-laminina-370x161.jpg 370w, https:\/\/www.natural-stemcell.com\/wp-content\/uploads\/2021\/04\/terapie-laminina-600x262.jpg 600w\" sizes=\"(max-width: 1900px) 100vw, 1900px\" \/><\/div>\n\t\t<\/figure>\n\t<\/div>\n<\/div><\/div><\/div><\/div><\/div><\/div>","protected":false},"excerpt":{"rendered":"Startup De Afaceri Bine a\u021bi venit la Natural Stemcell by LifePharm \u00cen echipa noastr\u0103 Natural Stemcell by LifePharm ve\u021bi g\u0103si sprijin, organizare \u0219i asisten\u021b\u0103 pentru calea \u0219i cre\u0219terea dvs. profesional\u0103 \u00een LifePharm. Dar s\u0103 trecem direct la acest aspect. Sectorul \u00een care ne desf\u0103\u0219ur\u0103m activitatea este cel al suplimentelor alimentare, al s\u0103n\u0103t\u0103\u021bii, al integratorilor alimentari&hellip;","protected":false},"author":1,"featured_media":0,"parent":0,"menu_order":0,"comment_status":"closed","ping_status":"closed","template":"","meta":[],"_links":{"self":[{"href":"https:\/\/www.natural-stemcell.com\/en\/wp-json\/wp\/v2\/pages\/3828"}],"collection":[{"href":"https:\/\/www.natural-stemcell.com\/en\/wp-json\/wp\/v2\/pages"}],"about":[{"href":"https:\/\/www.natural-stemcell.com\/en\/wp-json\/wp\/v2\/types\/page"}],"author":[{"embeddable":true,"href":"https:\/\/www.natural-stemcell.com\/en\/wp-json\/wp\/v2\/users\/1"}],"replies":[{"embeddable":true,"href":"https:\/\/www.natural-stemcell.com\/en\/wp-json\/wp\/v2\/comments?post=3828"}],"version-history":[{"count":0,"href":"https:\/\/www.natural-stemcell.com\/en\/wp-json\/wp\/v2\/pages\/3828\/revisions"}],"wp:attachment":[{"href":"https:\/\/www.natural-stemcell.com\/en\/wp-json\/wp\/v2\/media?parent=3828"}],"curies":[{"name":"wp","href":"https:\/\/api.w.org\/{rel}","templated":true}]}}